{"id":7475,"date":"2023-04-12T15:54:45","date_gmt":"2023-04-12T18:54:45","guid":{"rendered":"https:\/\/nauticaescalada.com.ar\/eshop\/?post_type=product&#038;p=7475"},"modified":"2025-08-21T05:32:47","modified_gmt":"2025-08-21T08:32:47","slug":"kft-46-adhesivo-monocomponente-hibrido-blanco-400g","status":"publish","type":"product","link":"https:\/\/nauticaescalada.com.ar\/eshop\/producto\/kft-46-adhesivo-monocomponente-hibrido-blanco-400g\/","title":{"rendered":"KFT-46 ADHESIVO MONOCOMPONENTE HIBRIDO BLANCO 400g"},"content":{"rendered":"<p style=\"text-align: center;\">Adhesivo monocomponente, formulado con pol\u00edmero h\u00edbrido y libre de disolventes e hidrocarburos, que seca absorbiendo la humedad y temperatura ambiente. Posee alto poder de adherencia y agarre inmediato sobre superficies lisas y porosas, facilitando as\u00ed la fijaci\u00f3n de piezas y soportes m\u00e1s pesados sin necesidad de utiler\u00eda, o apoyo. Se adhiere a la humedad y no provoca manchas en espejos, m\u00e1rmoles y granitos.<\/p>\n<p style=\"text-align: left;\">Composici\u00f3n qu\u00edmica: Pol\u00edmero h\u00edbrido modificado con silanos, cargas minerales, y aditivos.<\/p>\n<table class=\"woocommerce-product-attributes shop_attributes\">\n<tbody>\n<tr class=\"woocommerce-product-attributes-item woocommerce-product-attributes-item--attribute_pa_color\">\n<th class=\"woocommerce-product-attributes-item__label\">Color<\/th>\n<td class=\"woocommerce-product-attributes-item__value\">Blanco<\/td>\n<\/tr>\n<tr class=\"woocommerce-product-attributes-item woocommerce-product-attributes-item--attribute_pa_estabilidad\">\n<th class=\"woocommerce-product-attributes-item__label\">Estabilidad<\/th>\n<td class=\"woocommerce-product-attributes-item__value\"><a href=\"https:\/\/kekol.com.ar\/estabilidad\/12-meses-en-envase-original-cerrado\/\" rel=\"tag\">12 meses en envase original cerrado<\/a><\/td>\n<\/tr>\n<tr class=\"woocommerce-product-attributes-item woocommerce-product-attributes-item--attribute_pa_ph\">\n<th class=\"woocommerce-product-attributes-item__label\">PH<\/th>\n<td class=\"woocommerce-product-attributes-item__value\"><a href=\"https:\/\/kekol.com.ar\/ph\/no-aplica\/\" rel=\"tag\">No aplica<\/a><\/td>\n<\/tr>\n<tr class=\"woocommerce-product-attributes-item woocommerce-product-attributes-item--attribute_pa_solidos\">\n<th class=\"woocommerce-product-attributes-item__label\">S\u00f3lidos<\/th>\n<td class=\"woocommerce-product-attributes-item__value\"><a href=\"https:\/\/kekol.com.ar\/solidos\/no-aplica\/\" rel=\"tag\">No aplica<\/a><\/td>\n<\/tr>\n<tr class=\"woocommerce-product-attributes-item woocommerce-product-attributes-item--attribute_pa_viscosidad\">\n<th class=\"woocommerce-product-attributes-item__label\">Viscosidad<\/th>\n<td class=\"woocommerce-product-attributes-item__value\"><a href=\"https:\/\/kekol.com.ar\/viscosidad\/no-aplica\/\" rel=\"tag\">No aplica<\/a><\/td>\n<\/tr>\n<tr class=\"woocommerce-product-attributes-item woocommerce-product-attributes-item--attribute_pa_tamano\">\n<th class=\"woocommerce-product-attributes-item__label\">Tama\u00f1o y Cantidad<\/th>\n<td class=\"woocommerce-product-attributes-item__value\">400gr x6uds.<\/td>\n<\/tr>\n<\/tbody>\n<\/table>\n","protected":false},"excerpt":{"rendered":"<p>https:\/\/kekol.com.ar\/wp-content\/uploads\/2022\/11\/KFT-46-HT.pdf<\/p>\n<p>https:\/\/kekol.com.ar\/wp-content\/uploads\/2022\/11\/KFT-46-FDS.pdf<\/p>\n","protected":false},"featured_media":7477,"template":"","meta":{"_joinchat":[]},"product_brand":[],"product_cat":[441],"product_tag":[1059,1057,1058],"class_list":{"0":"post-7475","1":"product","2":"type-product","3":"status-publish","4":"has-post-thumbnail","6":"product_cat-sellador-adhesivo","7":"product_tag-espumas-y-selladores-poliuretanicos","8":"product_tag-selladores-y-adhesivos-poliuretanicos","9":"product_tag-siliconas","11":"first","12":"instock","13":"shipping-taxable","14":"purchasable","15":"product-type-simple"},"_links":{"self":[{"href":"https:\/\/nauticaescalada.com.ar\/eshop\/wp-json\/wp\/v2\/product\/7475","targetHints":{"allow":["GET"]}}],"collection":[{"href":"https:\/\/nauticaescalada.com.ar\/eshop\/wp-json\/wp\/v2\/product"}],"about":[{"href":"https:\/\/nauticaescalada.com.ar\/eshop\/wp-json\/wp\/v2\/types\/product"}],"wp:featuredmedia":[{"embeddable":true,"href":"https:\/\/nauticaescalada.com.ar\/eshop\/wp-json\/wp\/v2\/media\/7477"}],"wp:attachment":[{"href":"https:\/\/nauticaescalada.com.ar\/eshop\/wp-json\/wp\/v2\/media?parent=7475"}],"wp:term":[{"taxonomy":"product_brand","embeddable":true,"href":"https:\/\/nauticaescalada.com.ar\/eshop\/wp-json\/wp\/v2\/product_brand?post=7475"},{"taxonomy":"product_cat","embeddable":true,"href":"https:\/\/nauticaescalada.com.ar\/eshop\/wp-json\/wp\/v2\/product_cat?post=7475"},{"taxonomy":"product_tag","embeddable":true,"href":"https:\/\/nauticaescalada.com.ar\/eshop\/wp-json\/wp\/v2\/product_tag?post=7475"}],"curies":[{"name":"wp","href":"https:\/\/api.w.org\/{rel}","templated":true}]}}