{"id":7130,"date":"2022-07-29T11:54:52","date_gmt":"2022-07-29T14:54:52","guid":{"rendered":"https:\/\/nauticaescalada.com.ar\/eshop\/producto\/hydrasol-desengrante-automotor-x-1lt-3-2\/"},"modified":"2025-08-13T15:53:21","modified_gmt":"2025-08-13T18:53:21","slug":"hydrasol-desengrante-automotor-x-1lt-3-2","status":"publish","type":"product","link":"https:\/\/nauticaescalada.com.ar\/eshop\/producto\/hydrasol-desengrante-automotor-x-1lt-3-2\/","title":{"rendered":"HYDRASOL DESENGRANTE AUTOMOTOR X 1LT"},"content":{"rendered":"<div class=\"col-md-8 mt-3\">\n<p>Hydrasol es un disolvente de amplio rango de uso, denominado Solvente Industrial. Es ligero, de r\u00e1pida evaporaci\u00f3n y gran capacidad de disoluci\u00f3n de aceites minerales y vegetales, ceras, breas, betunes, gomas, resinas naturales y sint\u00e9ticas, caucho, etc. Puede emplearse para diluir eficazmente esmaltes, fondos y barnices sint\u00e9ticos convencionales cuando su aplicaci\u00f3n es con soplete. Su gran capacidad de solvencia permite emplearlo para la limpieza de superficies, de herramientas o eliminaci\u00f3n de grasas. Ideal para acortar tiempos de trabajo.<\/p>\n<\/div>\n","protected":false},"excerpt":{"rendered":"<p>Hydrasol es un disolvente de amplio rango de uso, denominado Solvente Industrial. Es ligero, de r\u00e1pida evaporaci\u00f3n y gran capacidad de disoluci\u00f3n de aceites minerales y<span class=\"excerpt-hellip\"> [\u2026]<\/span><\/p>\n","protected":false},"featured_media":7126,"template":"","meta":{"_joinchat":[]},"product_brand":[],"product_cat":[694],"product_tag":[1003,1055,1046,1054],"class_list":{"0":"post-7130","1":"product","2":"type-product","3":"status-publish","4":"has-post-thumbnail","6":"product_cat-hydra","7":"product_tag-1l","8":"product_tag-desengrasante","9":"product_tag-hydra","10":"product_tag-hydrasol","12":"first","13":"instock","14":"shipping-taxable","15":"purchasable","16":"product-type-simple"},"_links":{"self":[{"href":"https:\/\/nauticaescalada.com.ar\/eshop\/wp-json\/wp\/v2\/product\/7130","targetHints":{"allow":["GET"]}}],"collection":[{"href":"https:\/\/nauticaescalada.com.ar\/eshop\/wp-json\/wp\/v2\/product"}],"about":[{"href":"https:\/\/nauticaescalada.com.ar\/eshop\/wp-json\/wp\/v2\/types\/product"}],"wp:featuredmedia":[{"embeddable":true,"href":"https:\/\/nauticaescalada.com.ar\/eshop\/wp-json\/wp\/v2\/media\/7126"}],"wp:attachment":[{"href":"https:\/\/nauticaescalada.com.ar\/eshop\/wp-json\/wp\/v2\/media?parent=7130"}],"wp:term":[{"taxonomy":"product_brand","embeddable":true,"href":"https:\/\/nauticaescalada.com.ar\/eshop\/wp-json\/wp\/v2\/product_brand?post=7130"},{"taxonomy":"product_cat","embeddable":true,"href":"https:\/\/nauticaescalada.com.ar\/eshop\/wp-json\/wp\/v2\/product_cat?post=7130"},{"taxonomy":"product_tag","embeddable":true,"href":"https:\/\/nauticaescalada.com.ar\/eshop\/wp-json\/wp\/v2\/product_tag?post=7130"}],"curies":[{"name":"wp","href":"https:\/\/api.w.org\/{rel}","templated":true}]}}