{"id":7124,"date":"2022-07-29T11:46:39","date_gmt":"2022-07-29T14:46:39","guid":{"rendered":"https:\/\/nauticaescalada.com.ar\/eshop\/producto\/hydragel-removedor-x-1lt-2\/"},"modified":"2025-08-13T15:53:21","modified_gmt":"2025-08-13T18:53:21","slug":"hydragel-removedor-x-1lt-2","status":"publish","type":"product","link":"https:\/\/nauticaescalada.com.ar\/eshop\/producto\/hydragel-removedor-x-1lt-2\/","title":{"rendered":"HYDRAGEL REMOVEDOR X 1LT"},"content":{"rendered":"<div class=\"col-md-8 mt-3\">\n<p>Hydragel es un removedor de alta consistencia que permite eliminar completamente todo tipo de pinturas en un breve lapso de tiempo. Su condici\u00f3n de gel, act\u00faa en forma eficaz sobre superficies horizontales y verticales, logrando remover desde productos sint\u00e9ticos hasta epoxies, poli\u00e9steres, poliuretanos 1 K y 2 K o fondos automotor. Su gran poder de remoci\u00f3n logra r\u00e1pidos resultados luego de un corto per\u00edodo de acci\u00f3n sobre las pinturas, mejorando los tiempos de trabajo. Puede lavarse f\u00e1cilmente con agua o solventes como Hydrarr\u00e1s o Hydrasol.<\/p>\n<\/div>\n","protected":false},"excerpt":{"rendered":"<p>Hydragel es un removedor de alta consistencia que permite eliminar completamente todo tipo de pinturas en un breve lapso de tiempo. Su condici\u00f3n de gel, act\u00faa<span class=\"excerpt-hellip\"> [\u2026]<\/span><\/p>\n","protected":false},"featured_media":7123,"template":"","meta":{"_joinchat":[]},"product_brand":[],"product_cat":[694,695],"product_tag":[1003,1046,1053,550],"class_list":{"0":"post-7124","1":"product","2":"type-product","3":"status-publish","4":"has-post-thumbnail","6":"product_cat-hydra","7":"product_cat-diluyentes","8":"product_tag-1l","9":"product_tag-hydra","10":"product_tag-hydragel","11":"product_tag-removedor","13":"first","14":"instock","15":"shipping-taxable","16":"purchasable","17":"product-type-simple"},"_links":{"self":[{"href":"https:\/\/nauticaescalada.com.ar\/eshop\/wp-json\/wp\/v2\/product\/7124","targetHints":{"allow":["GET"]}}],"collection":[{"href":"https:\/\/nauticaescalada.com.ar\/eshop\/wp-json\/wp\/v2\/product"}],"about":[{"href":"https:\/\/nauticaescalada.com.ar\/eshop\/wp-json\/wp\/v2\/types\/product"}],"wp:featuredmedia":[{"embeddable":true,"href":"https:\/\/nauticaescalada.com.ar\/eshop\/wp-json\/wp\/v2\/media\/7123"}],"wp:attachment":[{"href":"https:\/\/nauticaescalada.com.ar\/eshop\/wp-json\/wp\/v2\/media?parent=7124"}],"wp:term":[{"taxonomy":"product_brand","embeddable":true,"href":"https:\/\/nauticaescalada.com.ar\/eshop\/wp-json\/wp\/v2\/product_brand?post=7124"},{"taxonomy":"product_cat","embeddable":true,"href":"https:\/\/nauticaescalada.com.ar\/eshop\/wp-json\/wp\/v2\/product_cat?post=7124"},{"taxonomy":"product_tag","embeddable":true,"href":"https:\/\/nauticaescalada.com.ar\/eshop\/wp-json\/wp\/v2\/product_tag?post=7124"}],"curies":[{"name":"wp","href":"https:\/\/api.w.org\/{rel}","templated":true}]}}