{"id":7117,"date":"2022-07-29T11:29:47","date_gmt":"2022-07-29T14:29:47","guid":{"rendered":"https:\/\/nauticaescalada.com.ar\/eshop\/producto\/hydrarras-diluyente-x-1lt-2\/"},"modified":"2025-08-13T15:53:22","modified_gmt":"2025-08-13T18:53:22","slug":"hydrarras-diluyente-x-1lt-2","status":"publish","type":"product","link":"https:\/\/nauticaescalada.com.ar\/eshop\/producto\/hydrarras-diluyente-x-1lt-2\/","title":{"rendered":"HYDRARRAS DILUYENTE X 1LT"},"content":{"rendered":"<div class=\"col-md-8 mt-3\">\n<p>Hydrarr\u00e1s es un diluyente Premium en base a aguarr\u00e1s mineral ideal para la disoluci\u00f3n efectiva de esmaltes, barnices y fondos sint\u00e9ticos. Es un excelente auxiliar para pintados de alta calidad. Es de r\u00e1pido secado y favorece la nivelaci\u00f3n de las pel\u00edculas de productos sint\u00e9ticos, obteniendo m\u00e1ximos niveles de brillo y excelente nivelaci\u00f3n del film. Su rango de uso permite emplearlo para la limpieza de herramientas y como complemento en la disoluci\u00f3n de grasas, aceites para la preparaci\u00f3n previa de superficies antes de pintar.<\/p>\n<\/div>\n","protected":false},"excerpt":{"rendered":"<p>Hydrarr\u00e1s es un diluyente Premium en base a aguarr\u00e1s mineral ideal para la disoluci\u00f3n efectiva de esmaltes, barnices y fondos sint\u00e9ticos. Es un excelente auxiliar para<span class=\"excerpt-hellip\"> [\u2026]<\/span><\/p>\n","protected":false},"featured_media":7113,"template":"","meta":{"_joinchat":[]},"product_brand":[],"product_cat":[694,695],"product_tag":[1003,1051,696,1046,1050],"class_list":{"0":"post-7117","1":"product","2":"type-product","3":"status-publish","4":"has-post-thumbnail","6":"product_cat-hydra","7":"product_cat-diluyentes","8":"product_tag-1l","9":"product_tag-aguarras","10":"product_tag-diluyente","11":"product_tag-hydra","12":"product_tag-hydrarras","14":"first","15":"instock","16":"shipping-taxable","17":"purchasable","18":"product-type-simple"},"_links":{"self":[{"href":"https:\/\/nauticaescalada.com.ar\/eshop\/wp-json\/wp\/v2\/product\/7117","targetHints":{"allow":["GET"]}}],"collection":[{"href":"https:\/\/nauticaescalada.com.ar\/eshop\/wp-json\/wp\/v2\/product"}],"about":[{"href":"https:\/\/nauticaescalada.com.ar\/eshop\/wp-json\/wp\/v2\/types\/product"}],"wp:featuredmedia":[{"embeddable":true,"href":"https:\/\/nauticaescalada.com.ar\/eshop\/wp-json\/wp\/v2\/media\/7113"}],"wp:attachment":[{"href":"https:\/\/nauticaescalada.com.ar\/eshop\/wp-json\/wp\/v2\/media?parent=7117"}],"wp:term":[{"taxonomy":"product_brand","embeddable":true,"href":"https:\/\/nauticaescalada.com.ar\/eshop\/wp-json\/wp\/v2\/product_brand?post=7117"},{"taxonomy":"product_cat","embeddable":true,"href":"https:\/\/nauticaescalada.com.ar\/eshop\/wp-json\/wp\/v2\/product_cat?post=7117"},{"taxonomy":"product_tag","embeddable":true,"href":"https:\/\/nauticaescalada.com.ar\/eshop\/wp-json\/wp\/v2\/product_tag?post=7117"}],"curies":[{"name":"wp","href":"https:\/\/api.w.org\/{rel}","templated":true}]}}