{"id":7092,"date":"2022-07-28T13:15:45","date_gmt":"2022-07-28T16:15:45","guid":{"rendered":"https:\/\/nauticaescalada.com.ar\/eshop\/producto\/tejido-woven-roving-300gr-m2-x-kg-2\/"},"modified":"2025-08-13T15:51:59","modified_gmt":"2025-08-13T18:51:59","slug":"tejido-woven-roving-300gr-m2-x-kg-2","status":"publish","type":"product","link":"https:\/\/nauticaescalada.com.ar\/eshop\/producto\/tejido-woven-roving-300gr-m2-x-kg-2\/","title":{"rendered":"TEJIDO WOVEN ROVING 600GR\/M2 X KG E-GLASS"},"content":{"rendered":"<div class=\"gmail_default\">El roving es un tejido hecho entretejiendo rovings y se utiliza principalmente para las capas de colocaci\u00f3n de productos FRP grandes y de alta resistencia, como yates , vagones de ferrocarril,<br \/>\ntanques y estructuras arquitect\u00f3nicas, etc.<\/div>\n<div class=\"gmail_default\">\u00a0El sistema de tama\u00f1o de Woven Roving es silano y compatibilidad con poli\u00e9ster, vinil\u00e9ster y epoxi<\/div>\n<div>\n<div dir=\"ltr\" data-smartmail=\"gmail_signature\">\n<div dir=\"ltr\">\n<div>\n<div dir=\"ltr\">\n<div dir=\"ltr\">\n<div><\/div>\n<\/div>\n<\/div>\n<\/div>\n<\/div>\n<\/div>\n<\/div>\n","protected":false},"excerpt":{"rendered":"<p>El roving es un tejido hecho entretejiendo rovings y se utiliza principalmente para las capas de colocaci\u00f3n de productos FRP grandes y de alta resistencia, como<span class=\"excerpt-hellip\"> [\u2026]<\/span><\/p>\n","protected":false},"featured_media":7091,"template":"","meta":{"_joinchat":[]},"product_brand":[],"product_cat":[648],"product_tag":[456,968,969],"class_list":{"0":"post-7092","1":"product","2":"type-product","3":"status-publish","4":"has-post-thumbnail","6":"product_cat-tejido-vidrio-e-glass-2","7":"product_tag-fibra-de-vidrio","8":"product_tag-roving","9":"product_tag-tejido","11":"first","12":"instock","13":"shipping-taxable","14":"purchasable","15":"product-type-simple"},"_links":{"self":[{"href":"https:\/\/nauticaescalada.com.ar\/eshop\/wp-json\/wp\/v2\/product\/7092","targetHints":{"allow":["GET"]}}],"collection":[{"href":"https:\/\/nauticaescalada.com.ar\/eshop\/wp-json\/wp\/v2\/product"}],"about":[{"href":"https:\/\/nauticaescalada.com.ar\/eshop\/wp-json\/wp\/v2\/types\/product"}],"wp:featuredmedia":[{"embeddable":true,"href":"https:\/\/nauticaescalada.com.ar\/eshop\/wp-json\/wp\/v2\/media\/7091"}],"wp:attachment":[{"href":"https:\/\/nauticaescalada.com.ar\/eshop\/wp-json\/wp\/v2\/media?parent=7092"}],"wp:term":[{"taxonomy":"product_brand","embeddable":true,"href":"https:\/\/nauticaescalada.com.ar\/eshop\/wp-json\/wp\/v2\/product_brand?post=7092"},{"taxonomy":"product_cat","embeddable":true,"href":"https:\/\/nauticaescalada.com.ar\/eshop\/wp-json\/wp\/v2\/product_cat?post=7092"},{"taxonomy":"product_tag","embeddable":true,"href":"https:\/\/nauticaescalada.com.ar\/eshop\/wp-json\/wp\/v2\/product_tag?post=7092"}],"curies":[{"name":"wp","href":"https:\/\/api.w.org\/{rel}","templated":true}]}}