{"id":7073,"date":"2025-08-15T12:18:03","date_gmt":"2025-08-15T15:18:03","guid":{"rendered":"https:\/\/nauticaescalada.com.ar\/eshop\/producto\/fibra-de-vidrio-e-glass-300gr-x-1kg-127m-ancho-2\/"},"modified":"2025-08-21T05:31:37","modified_gmt":"2025-08-21T08:31:37","slug":"fibra-de-vidrio-e-glass-300gr-x-1kg-127m-ancho-2","status":"publish","type":"product","link":"https:\/\/nauticaescalada.com.ar\/eshop\/producto\/fibra-de-vidrio-e-glass-300gr-x-1kg-127m-ancho-2\/","title":{"rendered":"Fibra de Vidrio 300 g\/m\u00b2 \u2013 Kit 1 kg, Rollo 1,27 m de Ancho"},"content":{"rendered":"<p data-start=\"153\" data-end=\"440\">Las <strong data-start=\"157\" data-end=\"184\">fibras de vidrio Tipo E<\/strong> est\u00e1n compuestas por <strong data-start=\"206\" data-end=\"246\">hebras cortadas distribuidas al azar<\/strong>, unidas mediante un aglutinante en polvo. Son compatibles con <strong data-start=\"309\" data-end=\"381\">resinas poli\u00e9ster (UP), vinil\u00e9ster (VE), epoxi (EP) y fen\u00f3licas (PF)<\/strong>, ofreciendo gran versatilidad en m\u00faltiples aplicaciones.<\/p>\n<p data-start=\"442\" data-end=\"607\">Estas <strong data-start=\"448\" data-end=\"467\">hebras cortadas<\/strong> son especialmente adecuadas para <strong data-start=\"501\" data-end=\"524\">moldeo por contacto<\/strong> y <strong data-start=\"527\" data-end=\"546\">moldeo continuo<\/strong>, garantizando un buen posicionamiento entre capas de film.<\/p>\n<p data-start=\"609\" data-end=\"636\"><strong data-start=\"609\" data-end=\"634\">Aplicaciones t\u00edpicas:<\/strong><\/p>\n<ul data-start=\"637\" data-end=\"811\">\n<li data-start=\"637\" data-end=\"683\">\n<p data-start=\"639\" data-end=\"683\">Construcci\u00f3n de <strong data-start=\"655\" data-end=\"681\">barcos y embarcaciones<\/strong><\/p>\n<\/li>\n<li data-start=\"684\" data-end=\"729\">\n<p data-start=\"686\" data-end=\"729\">Piezas de <strong data-start=\"696\" data-end=\"727\">PRFV de colocaci\u00f3n pr\u00e1ctica<\/strong><\/p>\n<\/li>\n<li data-start=\"730\" data-end=\"764\">\n<p data-start=\"732\" data-end=\"764\">Componentes de <strong data-start=\"747\" data-end=\"762\">autom\u00f3viles<\/strong><\/p>\n<\/li>\n<li data-start=\"765\" data-end=\"811\">\n<p data-start=\"767\" data-end=\"811\">Tubos, ba\u00f1eras y otros productos moldeados<\/p>\n<\/li>\n<\/ul>\n<p data-start=\"813\" data-end=\"843\"><strong data-start=\"813\" data-end=\"841\">Propiedades principales:<\/strong><\/p>\n<ul data-start=\"844\" data-end=\"1016\">\n<li data-start=\"844\" data-end=\"878\">\n<p data-start=\"846\" data-end=\"878\">Espesor uniforme y consistente<\/p>\n<\/li>\n<li data-start=\"879\" data-end=\"912\">\n<p data-start=\"881\" data-end=\"912\">F\u00e1cil humectaci\u00f3n con resinas<\/p>\n<\/li>\n<li data-start=\"913\" data-end=\"951\">\n<p data-start=\"915\" data-end=\"951\">Excelente conformabilidad al molde<\/p>\n<\/li>\n<li data-start=\"952\" data-end=\"1016\">\n<p data-start=\"954\" data-end=\"1016\">Alta retenci\u00f3n de resistencia incluso en condiciones h\u00famedas<\/p>\n<\/li>\n<\/ul>\n<h3><em><strong><a href=\"https:\/\/nauticaescalada.com.ar\/eshop\/wp-content\/uploads\/2025\/08\/FIBRA-DE-VIDRIO-CHOPPED.pdf\">FICHA TECNICA DEL PRODUCTO<\/a><\/strong><\/em><\/h3>\n","protected":false},"excerpt":{"rendered":"<p>Fibra de vidrio Tipo E en <strong data-start=\"156\" data-end=\"175\">hebras cortadas<\/strong>, compatible con <strong data-start=\"192\" data-end=\"244\">resinas poli\u00e9ster, vinil\u00e9ster, epoxi y fen\u00f3licas<\/strong>. Ideal para <strong data-start=\"257\" data-end=\"302\">laminaci\u00f3n por contacto y moldeo continuo<\/strong> en barcos, PRFV, autom\u00f3viles y piezas moldeadas. Ofrece <strong data-start=\"359\" data-end=\"448\">espesor uniforme, f\u00e1cil humectaci\u00f3n y alta resistencia incluso en condiciones h\u00famedas<\/strong>.<\/p>\n","protected":false},"featured_media":7069,"template":"","meta":{"_joinchat":[]},"product_brand":[],"product_cat":[648],"product_tag":[456,1151,1135,1145,1156,1154,1155,1153,969,1152,649],"class_list":{"0":"post-7073","1":"product","2":"type-product","3":"status-publish","4":"has-post-thumbnail","6":"product_cat-tejido-vidrio-e-glass-2","7":"product_tag-fibra-de-vidrio","8":"product_tag-fibra-de-vidrio-tipo-e","9":"product_tag-laminacion-manual","10":"product_tag-refuerzo-estructural","11":"product_tag-resinas-epoxi","12":"product_tag-resinas-poliester","13":"product_tag-resinas-vinilester","14":"product_tag-rollo-fibra-de-vidrio","15":"product_tag-tejido","16":"product_tag-tejido-de-vidrio","17":"product_tag-tejido-vidrio","19":"first","20":"instock","21":"shipping-taxable","22":"purchasable","23":"product-type-simple"},"_links":{"self":[{"href":"https:\/\/nauticaescalada.com.ar\/eshop\/wp-json\/wp\/v2\/product\/7073","targetHints":{"allow":["GET"]}}],"collection":[{"href":"https:\/\/nauticaescalada.com.ar\/eshop\/wp-json\/wp\/v2\/product"}],"about":[{"href":"https:\/\/nauticaescalada.com.ar\/eshop\/wp-json\/wp\/v2\/types\/product"}],"wp:featuredmedia":[{"embeddable":true,"href":"https:\/\/nauticaescalada.com.ar\/eshop\/wp-json\/wp\/v2\/media\/7069"}],"wp:attachment":[{"href":"https:\/\/nauticaescalada.com.ar\/eshop\/wp-json\/wp\/v2\/media?parent=7073"}],"wp:term":[{"taxonomy":"product_brand","embeddable":true,"href":"https:\/\/nauticaescalada.com.ar\/eshop\/wp-json\/wp\/v2\/product_brand?post=7073"},{"taxonomy":"product_cat","embeddable":true,"href":"https:\/\/nauticaescalada.com.ar\/eshop\/wp-json\/wp\/v2\/product_cat?post=7073"},{"taxonomy":"product_tag","embeddable":true,"href":"https:\/\/nauticaescalada.com.ar\/eshop\/wp-json\/wp\/v2\/product_tag?post=7073"}],"curies":[{"name":"wp","href":"https:\/\/api.w.org\/{rel}","templated":true}]}}