{"id":6316,"date":"2021-07-02T12:51:24","date_gmt":"2021-07-02T15:51:24","guid":{"rendered":"https:\/\/nauticaescalada.com.ar\/eshop\/?post_type=product&#038;p=6316"},"modified":"2025-08-15T11:00:47","modified_gmt":"2025-08-15T14:00:47","slug":"resina-1112-poliester-nautica-ortoftalica-x-10-kg","status":"publish","type":"product","link":"https:\/\/nauticaescalada.com.ar\/eshop\/producto\/resina-1112-poliester-nautica-ortoftalica-x-10-kg\/","title":{"rendered":"Resina 1112 Poli\u00e9ster N\u00e1utica Ortoft\u00e1lica X 10 Kg"},"content":{"rendered":"<p data-start=\"208\" data-end=\"446\">La <strong data-start=\"211\" data-end=\"256\">Resina Poli\u00e9ster Ortoft\u00e1lica N\u00e1utica 1112<\/strong> es ideal para la fabricaci\u00f3n y reparaci\u00f3n de piezas de pl\u00e1stico reforzado con fibra de vidrio o carbono. Gracias a su alta resistencia y excelente impregnaci\u00f3n, se utiliza ampliamente en:<\/p>\n<ul data-start=\"447\" data-end=\"651\">\n<li data-start=\"447\" data-end=\"506\">\n<p data-start=\"449\" data-end=\"506\">Construcci\u00f3n de embarcaciones (canoas, botes, lanchas).<\/p>\n<\/li>\n<li data-start=\"507\" data-end=\"553\">\n<p data-start=\"509\" data-end=\"553\">Piletas pl\u00e1sticas de nataci\u00f3n y toboganes.<\/p>\n<\/li>\n<li data-start=\"554\" data-end=\"598\">\n<p data-start=\"556\" data-end=\"598\">Tanques para almacenamiento de l\u00edquidos.<\/p>\n<\/li>\n<li data-start=\"599\" data-end=\"651\">\n<p data-start=\"601\" data-end=\"651\">Carrocer\u00edas, esculturas y elementos decorativos.<\/p>\n<\/li>\n<\/ul>\n<p data-start=\"653\" data-end=\"947\"><strong data-start=\"653\" data-end=\"682\">Catalizaci\u00f3n y aplicaci\u00f3n<\/strong><br data-start=\"682\" data-end=\"685\" \/>Este producto <strong data-start=\"699\" data-end=\"726\">requiere ser catalizado<\/strong> utilizando <strong data-start=\"738\" data-end=\"772\">Acelerador de Cobalto x 250 ml<\/strong> y <strong data-start=\"775\" data-end=\"799\">Catalizador x 250 ml<\/strong> cuando la temperatura es superior a 15\u00b0C.<br data-start=\"841\" data-end=\"844\" \/>Si la temperatura es inferior a 15\u00b0C, se recomienda aumentar la cantidad de catalizador y acelerador.<\/p>\n<p data-start=\"949\" data-end=\"1085\">Una vez incorporados estos aditivos, comienza el proceso de <strong data-start=\"1009\" data-end=\"1025\">gelificaci\u00f3n<\/strong>, alcanzando posteriormente la dureza y resistencia final.<\/p>\n<p data-start=\"1087\" data-end=\"1190\"><strong data-start=\"1087\" data-end=\"1099\">Diluci\u00f3n<\/strong><br data-start=\"1099\" data-end=\"1102\" \/>Puede diluirse con <strong data-start=\"1121\" data-end=\"1148\">Estireno Mon\u00f3mero x 1 L<\/strong>, sin superar nunca el 15% de la mezcla.<\/p>\n<p data-start=\"1192\" data-end=\"1224\"><strong data-start=\"1192\" data-end=\"1222\">Ventajas y caracter\u00edsticas<\/strong><\/p>\n<ul data-start=\"1225\" data-end=\"1441\">\n<li data-start=\"1225\" data-end=\"1271\">\n<p data-start=\"1227\" data-end=\"1271\">R\u00e1pida impregnaci\u00f3n de la fibra de vidrio.<\/p>\n<\/li>\n<li data-start=\"1272\" data-end=\"1319\">\n<p data-start=\"1274\" data-end=\"1319\">Laminado por contacto sencillo y eficiente.<\/p>\n<\/li>\n<li data-start=\"1320\" data-end=\"1368\">\n<p data-start=\"1322\" data-end=\"1368\">Alta resistencia a la tracci\u00f3n y elongaci\u00f3n.<\/p>\n<\/li>\n<li data-start=\"1369\" data-end=\"1441\">\n<p data-start=\"1371\" data-end=\"1441\">Excelente comportamiento frente al agua y gran durabilidad mec\u00e1nica.<\/p>\n<\/li>\n<\/ul>\n<p data-start=\"1443\" data-end=\"1605\">Las resinas n\u00e1uticas como esta permiten la aplicaci\u00f3n de sucesivas capas de fibra y resina para obtener el espesor y refuerzo deseado en poco tiempo de trabajo.<\/p>\n","protected":false},"excerpt":{"rendered":"<article class=\"text-token-text-primary w-full focus:outline-none scroll-mt-[calc(var(--header-height)+min(200px,max(70px,20svh)))]\" dir=\"auto\" tabindex=\"-1\" data-turn-id=\"request-WEB:89b8ce06-6b83-4f7f-87ea-0447a81608cb-4\" data-testid=\"conversation-turn-10\" data-scroll-anchor=\"true\" data-turn=\"assistant\">\n<div class=\"text-base my-auto mx-auto pb-10 [--thread-content-margin:--spacing(4)] @[37rem]:[--thread-content-margin:--spacing(6)] @[72rem]:[--thread-content-margin:--spacing(16)] px-(--thread-content-margin)\">\n<div class=\"[--thread-content-max-width:32rem] @[34rem]:[--thread-content-max-width:40rem] @[64rem]:[--thread-content-max-width:48rem] mx-auto max-w-(--thread-content-max-width) flex-1 group\/turn-messages focus-visible:outline-hidden relative flex w-full min-w-0 flex-col agent-turn\" tabindex=\"-1\">\n<div class=\"flex max-w-full flex-col grow\">\n<div class=\"min-h-8 text-message relative flex w-full flex-col items-end gap-2 text-start break-words whitespace-normal [.text-message+&amp;]:mt-5\" dir=\"auto\" data-message-author-role=\"assistant\" data-message-id=\"c995a8a2-0747-4f34-8d2a-3c6efd79c240\" data-message-model-slug=\"gpt-5\">\n<div class=\"flex w-full flex-col gap-1 empty:hidden first:pt-[3px]\">\n<div class=\"markdown prose dark:prose-invert w-full break-words light markdown-new-styling\">\n<p data-start=\"0\" data-end=\"309\" data-is-last-node=\"\" data-is-only-node=\"\">Resina de alta calidad para fabricar o reparar embarcaciones, piletas, tanques, carrocer\u00edas y m\u00e1s. Compatible con fibra de vidrio o carbono, ofrece excelente resistencia al agua y gran durabilidad mec\u00e1nica. Requiere catalizador y acelerador para su uso.<\/p>\n<\/div>\n<\/div>\n<\/div>\n<\/div>\n<\/div>\n<\/div>\n<\/article>\n","protected":false},"featured_media":6317,"template":"","meta":{"_joinchat":[]},"product_brand":[],"product_cat":[353],"product_tag":[998,1121,470,1123,1125,1124,1122,1120,409,972,973,1118,1119,971,921],"class_list":{"0":"post-6316","1":"product","2":"type-product","3":"status-publish","4":"has-post-thumbnail","6":"product_cat-resina-poliester","7":"product_tag-10kg","8":"product_tag-construccion-de-piletas","9":"product_tag-escalada","10":"product_tag-fibra-de-carbono","11":"product_tag-laminado-manual","12":"product_tag-materiales-nauticos","13":"product_tag-plastico-reforzado","14":"product_tag-reparacion-de-embarcaciones","15":"product_tag-resina","16":"product_tag-resina-1112","17":"product_tag-resina-nautica","18":"product_tag-resina-ortoftalica","19":"product_tag-resina-para-fibra-de-vidrio","20":"product_tag-resina-poliester","21":"product_tag-san-fernando","23":"first","24":"instock","25":"shipping-taxable","26":"product-type-simple"},"_links":{"self":[{"href":"https:\/\/nauticaescalada.com.ar\/eshop\/wp-json\/wp\/v2\/product\/6316","targetHints":{"allow":["GET"]}}],"collection":[{"href":"https:\/\/nauticaescalada.com.ar\/eshop\/wp-json\/wp\/v2\/product"}],"about":[{"href":"https:\/\/nauticaescalada.com.ar\/eshop\/wp-json\/wp\/v2\/types\/product"}],"wp:featuredmedia":[{"embeddable":true,"href":"https:\/\/nauticaescalada.com.ar\/eshop\/wp-json\/wp\/v2\/media\/6317"}],"wp:attachment":[{"href":"https:\/\/nauticaescalada.com.ar\/eshop\/wp-json\/wp\/v2\/media?parent=6316"}],"wp:term":[{"taxonomy":"product_brand","embeddable":true,"href":"https:\/\/nauticaescalada.com.ar\/eshop\/wp-json\/wp\/v2\/product_brand?post=6316"},{"taxonomy":"product_cat","embeddable":true,"href":"https:\/\/nauticaescalada.com.ar\/eshop\/wp-json\/wp\/v2\/product_cat?post=6316"},{"taxonomy":"product_tag","embeddable":true,"href":"https:\/\/nauticaescalada.com.ar\/eshop\/wp-json\/wp\/v2\/product_tag?post=6316"}],"curies":[{"name":"wp","href":"https:\/\/api.w.org\/{rel}","templated":true}]}}