{"id":5942,"date":"2020-12-02T09:37:37","date_gmt":"2020-12-02T12:37:37","guid":{"rendered":"https:\/\/nauticaescalada.com.ar\/eshop\/?post_type=product&#038;p=5942"},"modified":"2022-11-10T14:53:20","modified_gmt":"2022-11-10T17:53:20","slug":"proteccion-motores-verde-x-1l","status":"publish","type":"product","link":"https:\/\/nauticaescalada.com.ar\/eshop\/producto\/proteccion-motores-verde-x-1l\/","title":{"rendered":"PROTECCION MOTORES  VERDE  X 1L"},"content":{"rendered":"","protected":false},"excerpt":{"rendered":"<p><strong>ESMALTE PARA MOTORES NAUTICOS<\/strong>\u00a0est\u00e1 dise\u00f1ado para motores interiores y para el repintado de los motores originales, de f\u00e1cil aplicaci\u00f3n, excelente nivelaci\u00f3n, dureza y secado. Posee muy baja tendencia hacia el amarilleo. La preparaci\u00f3n de la superficie es muy f\u00e1cil<\/p>\n","protected":false},"featured_media":5941,"template":"","meta":{"_joinchat":[]},"product_brand":[],"product_cat":[884],"product_tag":[886,885],"class_list":{"0":"post-5942","1":"product","2":"type-product","3":"status-publish","4":"has-post-thumbnail","6":"product_cat-petrilac","7":"product_tag-linea-nautica","8":"product_tag-petrilac","10":"first","11":"instock","12":"shipping-taxable","13":"purchasable","14":"product-type-simple"},"_links":{"self":[{"href":"https:\/\/nauticaescalada.com.ar\/eshop\/wp-json\/wp\/v2\/product\/5942","targetHints":{"allow":["GET"]}}],"collection":[{"href":"https:\/\/nauticaescalada.com.ar\/eshop\/wp-json\/wp\/v2\/product"}],"about":[{"href":"https:\/\/nauticaescalada.com.ar\/eshop\/wp-json\/wp\/v2\/types\/product"}],"wp:featuredmedia":[{"embeddable":true,"href":"https:\/\/nauticaescalada.com.ar\/eshop\/wp-json\/wp\/v2\/media\/5941"}],"wp:attachment":[{"href":"https:\/\/nauticaescalada.com.ar\/eshop\/wp-json\/wp\/v2\/media?parent=5942"}],"wp:term":[{"taxonomy":"product_brand","embeddable":true,"href":"https:\/\/nauticaescalada.com.ar\/eshop\/wp-json\/wp\/v2\/product_brand?post=5942"},{"taxonomy":"product_cat","embeddable":true,"href":"https:\/\/nauticaescalada.com.ar\/eshop\/wp-json\/wp\/v2\/product_cat?post=5942"},{"taxonomy":"product_tag","embeddable":true,"href":"https:\/\/nauticaescalada.com.ar\/eshop\/wp-json\/wp\/v2\/product_tag?post=5942"}],"curies":[{"name":"wp","href":"https:\/\/api.w.org\/{rel}","templated":true}]}}