{"id":5509,"date":"2020-08-17T22:38:54","date_gmt":"2020-08-18T01:38:54","guid":{"rendered":"https:\/\/nauticaescalada.com.ar\/eshop\/?post_type=product&#038;p=5509"},"modified":"2025-08-20T14:40:10","modified_gmt":"2025-08-20T17:40:10","slug":"schori-c324-masilla-epoxy-lijable-x-1kg","status":"publish","type":"product","link":"https:\/\/nauticaescalada.com.ar\/eshop\/producto\/schori-c324-masilla-epoxy-lijable-x-1kg\/","title":{"rendered":"SCHORI C324 MASILLA EPOXY LIJABLE X 1KG"},"content":{"rendered":"<p>Masilla epoxy sin solventes a base de resinas epoxy y endurecedores especiales.<\/p>\n<p>Se utiliza para el masillado de superficies donde es importante una superficie dura de excelente adhesi\u00f3n y f\u00e1cilmente lijable. Se aplica sobre pl\u00e1stico reforzado, hierro, aluminio u hormig\u00f3n.<\/p>\n<p>Se utiliza previo al pintado de maquinarias y equipos industriales, pisos de hormig\u00f3n, etc. y donde es necesario un masillado duro y resistente.<\/p>\n<p>Para condiciones de inmersi\u00f3n permanente utilizar masilla C323.<\/p>\n","protected":false},"excerpt":{"rendered":"<p>Masilla epoxy sin solventes a base de resinas epoxy y endurecedores especiales. Se utiliza para el masillado de superficies donde es importante una superficie dura de<span class=\"excerpt-hellip\"> [\u2026]<\/span><\/p>\n","protected":false},"featured_media":5508,"template":"","meta":{"_joinchat":[]},"product_brand":[],"product_cat":[727,816,817],"product_tag":[823,463,818,822,821,813],"class_list":{"0":"post-5509","1":"product","2":"type-product","3":"status-publish","4":"has-post-thumbnail","6":"product_cat-schori","7":"product_cat-masilla-2","8":"product_cat-epoxi","9":"product_tag-c324","10":"product_tag-epoxi","11":"product_tag-masilla","12":"product_tag-muerta","13":"product_tag-obra","14":"product_tag-schori","16":"first","17":"instock","18":"shipping-taxable","19":"product-type-simple"},"_links":{"self":[{"href":"https:\/\/nauticaescalada.com.ar\/eshop\/wp-json\/wp\/v2\/product\/5509","targetHints":{"allow":["GET"]}}],"collection":[{"href":"https:\/\/nauticaescalada.com.ar\/eshop\/wp-json\/wp\/v2\/product"}],"about":[{"href":"https:\/\/nauticaescalada.com.ar\/eshop\/wp-json\/wp\/v2\/types\/product"}],"wp:featuredmedia":[{"embeddable":true,"href":"https:\/\/nauticaescalada.com.ar\/eshop\/wp-json\/wp\/v2\/media\/5508"}],"wp:attachment":[{"href":"https:\/\/nauticaescalada.com.ar\/eshop\/wp-json\/wp\/v2\/media?parent=5509"}],"wp:term":[{"taxonomy":"product_brand","embeddable":true,"href":"https:\/\/nauticaescalada.com.ar\/eshop\/wp-json\/wp\/v2\/product_brand?post=5509"},{"taxonomy":"product_cat","embeddable":true,"href":"https:\/\/nauticaescalada.com.ar\/eshop\/wp-json\/wp\/v2\/product_cat?post=5509"},{"taxonomy":"product_tag","embeddable":true,"href":"https:\/\/nauticaescalada.com.ar\/eshop\/wp-json\/wp\/v2\/product_tag?post=5509"}],"curies":[{"name":"wp","href":"https:\/\/api.w.org\/{rel}","templated":true}]}}