{"id":5278,"date":"2020-08-09T19:36:02","date_gmt":"2020-08-09T22:36:02","guid":{"rendered":"https:\/\/nauticaescalada.com.ar\/eshop\/?post_type=product&#038;p=5278"},"modified":"2025-08-26T00:14:37","modified_gmt":"2025-08-26T03:14:37","slug":"honeycomb-panel-abeja-polipropileno-placa25mm-1220x2440-3m2","status":"publish","type":"product","link":"https:\/\/nauticaescalada.com.ar\/eshop\/producto\/honeycomb-panel-abeja-polipropileno-placa25mm-1220x2440-3m2\/","title":{"rendered":"HONEYCOMB PANEL ABEJA POLIPROPILENO PLACA25MM 1220X2440 3M2"},"content":{"rendered":"<p><strong>HONEYCOMB<\/strong><\/p>\n<p><strong>Panel FRP &#8211; FRP PP panel sandwich de nido de abeja:<\/strong><\/p>\n<p><strong>suministro de FRP PP paneles sandwich de nido de abeja, que es ligero de peso m\u00e1s populares, la rigidez junta compuesta en la pr\u00e1ctica.\u00a0FRP\u00a0\u00a0\u00a0como el panel de la piel a ambos lados, PP nido de abeja como n\u00facleo.\u00a0Est\u00e1n compuestas de alta presi\u00f3n y calor.\u00a0Las caracter\u00edsticas de Polycore FRP paneles sandwich de nido de abeja PP son de peso ligero, alta rigidez, amortiguaci\u00f3n de sonido, el fuego retardnat, quakeproof, aislamiento, respetuoso del medio ambiente.\u00a0Son aplicables a los apartamentos y las paredes externas del edificio y la carrocer\u00eda del cami\u00f3n, ampliamente utilizado en barco, yate, turbinas e\u00f3licas, los deportes, tapa del dep\u00f3sito y as\u00ed sucesivamente.<\/strong><\/p>\n<p><strong>Espesor de 0,3 mm de la superficie de FRP de 3 mm de hecho seg\u00fan la petici\u00f3n de los clientes.\u00a0Espesor m\u00e1s populares en la pr\u00e1ctica de 1mm a 2 mm.<\/strong><\/p>\n<p><strong>UV-tratamiento, antideslizante, superficie de la arena, el tratamiento de gel-coat, tratamiento de pintura y as\u00ed sucesivamente se pueden hacer de acuerdo a petici\u00f3n de los clientes.<\/strong><\/p>\n<p><strong>Equipamiento de serie:<\/strong><\/p>\n<p><strong>1220 * 2440, 1200 * 2400, 1150 * 2300mm, 1100 * 2200 mm<br \/>\nCapacidad m\u00e1xima: especificaci\u00f3n: 5500 * 12000mm<\/strong><\/p>\n<p><strong>paneles sandwich se aplica ampliamente en barrera qu\u00edmica para dar protecci\u00f3n a los tanques, pozos, tuber\u00edas y rejillas.<\/strong><\/p>\n<p><strong>s\u00e1ndwich de\u00a0\u00a0\u00a0tablero se aplica ampliamente en Marina como material estructural, tales como casco, la cubierta, pared del tanque, toldos y los casos;<\/strong><\/p>\n<p><strong>paneles sandwich se aplica en la fabricaci\u00f3n de herramientas como las herramientas y moldes;<\/strong><\/p>\n<p><strong>paneles sandwich se aplica en el cami\u00f3n como de pared, techo, piso, puerta;<\/strong><\/p>\n<p><strong>paneles sandwich se aplica en el acto de turbinas e\u00f3licas como la vivienda hojas del dosel, y las campanas del rotor;<\/strong><\/p>\n<p><strong>paneles sandwich se aplica en el deporte como ocio, set de filmaci\u00f3n y el mercado decorativo;<\/strong><\/p>\n<p><strong>paneles sandwich se aplica en la corrosi\u00f3n de prevenci\u00f3n y reparaci\u00f3n de las superficies met\u00e1licas y de concreto;<\/strong><\/p>\n<p><strong>paneles sandwich se aplica en la barrera qu\u00edmica para dar protecci\u00f3n a los tanques, pozos, tuber\u00edas y rejillas.<\/strong><\/p>\n<p><strong>paneles sandwich se aplica en la\u00a0puerta, partici\u00f3n, techo, piso, edificio de tierra material.in estructurales<\/strong><\/p>\n","protected":false},"excerpt":{"rendered":"<p>HONEYCOMB PANEL ABEJA<\/p>\n","protected":false},"featured_media":5271,"template":"","meta":{"_joinchat":[]},"product_brand":[],"product_cat":[414,698],"product_tag":[415,416],"class_list":{"0":"post-5278","1":"product","2":"type-product","3":"status-publish","4":"has-post-thumbnail","6":"product_cat-placas-escructurales","7":"product_cat-honeycomb","8":"product_tag-honeycomb","9":"product_tag-polipropileno","11":"first","12":"instock","13":"sold-individually","14":"shipping-taxable","15":"purchasable","16":"product-type-simple"},"_links":{"self":[{"href":"https:\/\/nauticaescalada.com.ar\/eshop\/wp-json\/wp\/v2\/product\/5278","targetHints":{"allow":["GET"]}}],"collection":[{"href":"https:\/\/nauticaescalada.com.ar\/eshop\/wp-json\/wp\/v2\/product"}],"about":[{"href":"https:\/\/nauticaescalada.com.ar\/eshop\/wp-json\/wp\/v2\/types\/product"}],"wp:featuredmedia":[{"embeddable":true,"href":"https:\/\/nauticaescalada.com.ar\/eshop\/wp-json\/wp\/v2\/media\/5271"}],"wp:attachment":[{"href":"https:\/\/nauticaescalada.com.ar\/eshop\/wp-json\/wp\/v2\/media?parent=5278"}],"wp:term":[{"taxonomy":"product_brand","embeddable":true,"href":"https:\/\/nauticaescalada.com.ar\/eshop\/wp-json\/wp\/v2\/product_brand?post=5278"},{"taxonomy":"product_cat","embeddable":true,"href":"https:\/\/nauticaescalada.com.ar\/eshop\/wp-json\/wp\/v2\/product_cat?post=5278"},{"taxonomy":"product_tag","embeddable":true,"href":"https:\/\/nauticaescalada.com.ar\/eshop\/wp-json\/wp\/v2\/product_tag?post=5278"}],"curies":[{"name":"wp","href":"https:\/\/api.w.org\/{rel}","templated":true}]}}