{"id":5140,"date":"2020-07-23T19:47:03","date_gmt":"2020-07-23T22:47:03","guid":{"rendered":"http:\/\/nauticaescalada.com.ar\/eshop\/?post_type=product&#038;p=5140"},"modified":"2025-08-13T15:53:23","modified_gmt":"2025-08-13T18:53:23","slug":"hydra-thinner-sello-oro-x-18lts","status":"publish","type":"product","link":"https:\/\/nauticaescalada.com.ar\/eshop\/producto\/hydra-thinner-sello-oro-x-18lts\/","title":{"rendered":"HYDRA THINNER SELLO ORO X 18LTS"},"content":{"rendered":"<div class=\"col-md-8 mt-3\">\n<p>El thinner Hydra Sello de Oro es un diluyente Premium especialmente desarrollado para el pintado de clears, lacas acr\u00edlicas, lacas universales y nitrolacas. Su amplio rango de uso lo transforman en un thinner universal para diluir una variada gama de productos de la l\u00ednea automotor, el sector maderero y la industria en general. Su caracter\u00edstica de evaporaci\u00f3n High-Low facilita su aplicaci\u00f3n y logra acabados inmejorables y durareros. Su alta calidad logra resultados de alto brillo permanente y una m\u00e1xima nivelaci\u00f3n.<\/p>\n<\/div>\n","protected":false},"excerpt":{"rendered":"<p>El thinner Hydra Sello de Oro es un diluyente Premium especialmente desarrollado para el pintado de clears, lacas acr\u00edlicas, lacas universales y nitrolacas. Su amplio rango<span class=\"excerpt-hellip\"> [\u2026]<\/span><\/p>\n","protected":false},"featured_media":7133,"template":"","meta":{"_joinchat":[]},"product_brand":[],"product_cat":[694,613],"product_tag":[615,614],"class_list":{"0":"post-5140","1":"product","2":"type-product","3":"status-publish","4":"has-post-thumbnail","6":"product_cat-hydra","7":"product_cat-thinner","8":"product_tag-limpieza","9":"product_tag-thinner","11":"first","12":"instock","13":"shipping-taxable","14":"purchasable","15":"product-type-simple"},"_links":{"self":[{"href":"https:\/\/nauticaescalada.com.ar\/eshop\/wp-json\/wp\/v2\/product\/5140","targetHints":{"allow":["GET"]}}],"collection":[{"href":"https:\/\/nauticaescalada.com.ar\/eshop\/wp-json\/wp\/v2\/product"}],"about":[{"href":"https:\/\/nauticaescalada.com.ar\/eshop\/wp-json\/wp\/v2\/types\/product"}],"wp:featuredmedia":[{"embeddable":true,"href":"https:\/\/nauticaescalada.com.ar\/eshop\/wp-json\/wp\/v2\/media\/7133"}],"wp:attachment":[{"href":"https:\/\/nauticaescalada.com.ar\/eshop\/wp-json\/wp\/v2\/media?parent=5140"}],"wp:term":[{"taxonomy":"product_brand","embeddable":true,"href":"https:\/\/nauticaescalada.com.ar\/eshop\/wp-json\/wp\/v2\/product_brand?post=5140"},{"taxonomy":"product_cat","embeddable":true,"href":"https:\/\/nauticaescalada.com.ar\/eshop\/wp-json\/wp\/v2\/product_cat?post=5140"},{"taxonomy":"product_tag","embeddable":true,"href":"https:\/\/nauticaescalada.com.ar\/eshop\/wp-json\/wp\/v2\/product_tag?post=5140"}],"curies":[{"name":"wp","href":"https:\/\/api.w.org\/{rel}","templated":true}]}}