{"id":5125,"date":"2020-07-23T13:41:00","date_gmt":"2020-07-23T16:41:00","guid":{"rendered":"http:\/\/nauticaescalada.com.ar\/eshop\/?post_type=product&#038;p=5125"},"modified":"2023-05-15T14:12:52","modified_gmt":"2023-05-15T17:12:52","slug":"sikasil-ia-blanco-x-280ml","status":"publish","type":"product","link":"https:\/\/nauticaescalada.com.ar\/eshop\/producto\/sikasil-ia-blanco-x-280ml\/","title":{"rendered":"SIKASIL IA BLANCO X 280ML"},"content":{"rendered":"<p>Sikasil\u00ae-IA es un sellador de silicona monocomponente,<br \/>\nde bajo m\u00f3dulo de elasticidad,<br \/>\nque cura con la humedad ambiente<br \/>\ny es adecuado para aplicaciones en interior<br \/>\ny exterior.<\/p>\n","protected":false},"excerpt":{"rendered":"<p>DESCRIPCI\u00d3N<br \/>\nSikasil\u00ae-IA es un sellador de silicona monocomponente,<br \/>\nde bajo m\u00f3dulo de elasticidad,<br \/>\nque cura con la humedad ambiente<br \/>\ny es adecuado para aplicaciones en interior<br \/>\ny exterior.<br \/>\nBENEFICIOS DEL PRODUCTO<br \/>\n\u0083\u0083 Muy buena adherencia a una amplia variedad<br \/>\nde soportes.<br \/>\n\u0083\u0083 Muy buena resistencia a los rayos UV y al<br \/>\nenvejecimiento.<br \/>\n\u0083\u0083 Resistencia de larga duraci\u00f3n a los hon-<br \/>\nColor Transparente, negro, blanco<br \/>\nAlmacenamiento 12 meses desde su fecha de fabricaci\u00f3n, en<br \/>\nsus envases de origen bien cerrados y no deteriorados,<br \/>\nen ambiente seco y protegido de<br \/>\nla acci\u00f3n directa del sol a temperatura entre<br \/>\n+10 \u00baC y +25 \u00baC<br \/>\nComposici\u00f3n qu\u00edmica Silicona ac\u00e9tica de curado por humedad<br \/>\nDensidad (DIN 53479-9) 0,98 kg\/L<br \/>\nFormaci\u00f3n de piel1 25 minutos<br \/>\nVelocidad1 de curado 1,5 mm\/24 hs<br \/>\nCapacidad de movimiento 20 % (ISO 11600)<br \/>\nEscurrimiento (DIN EN 27390) &lt;2 mm<br \/>\nTemperatura de servicio -40 \u00b0C a +150 \u00b0C<br \/>\nResistencia a la tensi\u00f3n (ISO 8339)1 0,6 N\/mm\u00b2 (6,1 kg\/cm2 )<br \/>\nResistencia al desgarro (DIN 24 M\u00e9todo C)1 4,0 N\/mm (4,1 kg\/cm )<br \/>\nDureza Shore A (ISO 868) 18<br \/>\nM\u00f3dulo de elasticidad (ISO 8389)1 ~0,36 N\/mm\u00b2 al 100 % de elongaci\u00f3n<br \/>\n(3,7 kg\/cm2 al 100 % de elongaci\u00f3n )<br \/>\nRecuperaci\u00f3n el\u00e1stica (DIN EN 26389 )1 &gt;90 %<br \/>\nTemperatura del soporte +5 \u00baC a + 40 \u00baC<br \/>\nTemperatura ambiente +5 \u00baC a + 40 \u00baC<br \/>\nHumedad del soporte El soporte debe estar seco<br \/>\n1 23 \u00baC \/ 50 % H.r.<br \/>\ngos, musgo y l\u00edquenes.<br \/>\n\u0083\u0083 Bajo m\u00f3dulo.<br \/>\n\u0083\u0083 Libre de solventes.<br \/>\n\u0083\u0083 Alta elasticidad y flexibilidad.<br \/>\n\u00c1REAS DE APLICACI\u00d3N<br \/>\nSikasil\u00ae-IA es adecuado para sellado de<br \/>\nacristalamientos y aplicaciones bajo intemperie,<br \/>\nen soportes, como vidrio, piezas cer\u00e1micas<br \/>\nvitrificadas, materiales no oxidables,<br \/>\nbronce, etc. Se recomienda que la aplicaci\u00f3n<br \/>\nde este producto se haga por usuarios experimentados<br \/>\ny realizar pruebas con los sustratos<br \/>\npara asegurar la adhesi\u00f3n y la compatibilidad<br \/>\nde los materiales. No indicado para uso sobre<br \/>\nvidrio laminado ni policarbonato.<br \/>\nM\u00c9TODO DE APLICACI\u00d3N<br \/>\nPreparaci\u00f3n de la Superficie<br \/>\nLas superficies deben estar limpias, secas y<br \/>\nlibres de todo rastro de grasa, aceite y polvo.<br \/>\nComo regla, los sustratos deben prepararse<br \/>\npreliminarmente, de acuerdo con las<br \/>\ninstrucciones dadas en la \u201cGu\u00eda de preparaci\u00f3n<br \/>\nde superficies\u201d, disponible en la web:<br \/>\ncol.sika.com o con su asesor t\u00e9cnico.<\/p>\n","protected":false},"featured_media":5126,"template":"","meta":{"_joinchat":[]},"product_brand":[],"product_cat":[441,693],"product_tag":[],"class_list":{"0":"post-5125","1":"product","2":"type-product","3":"status-publish","4":"has-post-thumbnail","6":"product_cat-sellador-adhesivo","7":"product_cat-sika","9":"first","10":"instock","11":"shipping-taxable","12":"purchasable","13":"product-type-simple"},"_links":{"self":[{"href":"https:\/\/nauticaescalada.com.ar\/eshop\/wp-json\/wp\/v2\/product\/5125","targetHints":{"allow":["GET"]}}],"collection":[{"href":"https:\/\/nauticaescalada.com.ar\/eshop\/wp-json\/wp\/v2\/product"}],"about":[{"href":"https:\/\/nauticaescalada.com.ar\/eshop\/wp-json\/wp\/v2\/types\/product"}],"wp:featuredmedia":[{"embeddable":true,"href":"https:\/\/nauticaescalada.com.ar\/eshop\/wp-json\/wp\/v2\/media\/5126"}],"wp:attachment":[{"href":"https:\/\/nauticaescalada.com.ar\/eshop\/wp-json\/wp\/v2\/media?parent=5125"}],"wp:term":[{"taxonomy":"product_brand","embeddable":true,"href":"https:\/\/nauticaescalada.com.ar\/eshop\/wp-json\/wp\/v2\/product_brand?post=5125"},{"taxonomy":"product_cat","embeddable":true,"href":"https:\/\/nauticaescalada.com.ar\/eshop\/wp-json\/wp\/v2\/product_cat?post=5125"},{"taxonomy":"product_tag","embeddable":true,"href":"https:\/\/nauticaescalada.com.ar\/eshop\/wp-json\/wp\/v2\/product_tag?post=5125"}],"curies":[{"name":"wp","href":"https:\/\/api.w.org\/{rel}","templated":true}]}}