{"id":5083,"date":"2020-07-22T14:05:43","date_gmt":"2020-07-22T17:05:43","guid":{"rendered":"http:\/\/nauticaescalada.com.ar\/eshop\/?product=limpiador-aerosol-acero-3m-stainless-steel-cleaner-polish-x-600ml-2"},"modified":"2022-06-03T10:33:48","modified_gmt":"2022-06-03T13:33:48","slug":"limpiador-aerosol-acero-3m-stainless-steel-cleaner-polish-x-600ml-2","status":"publish","type":"product","link":"https:\/\/nauticaescalada.com.ar\/eshop\/producto\/limpiador-aerosol-acero-3m-stainless-steel-cleaner-polish-x-600ml-2\/","title":{"rendered":"LIMPIADOR AEROSOL ACERO 3M STAINLESS STEEL CLEANER &#038; POLISH X 283 GRM"},"content":{"rendered":"<div class=\"MMM--hdg MMM--hdg_2 SNAPS--hdg_2 MMM--tabHeader\">Detalles<\/div>\n<div class=\"tabContentContainer MMM--contentToggle-target MMM--isActive\">\n<div class=\"MMM--contentPadded MMM--accordionPanel\">\n<div class=\"MMM--grids\">\n<div class=\"MMM--grids-col MMM--grids-col_pdpMain\">\n<ul class=\"MMM--pdpList SNAPS--bullets\">\n<li>Lustra y deja una pel\u00edcula protectora que asegura brillo y limpieza por m\u00e1s tiempo.<\/li>\n<li>Embellece y protege superficies de acero inoxidables, pl\u00e1sticos y metales delicados en un solo paso.<\/li>\n<\/ul>\n<p class=\"SNAPS--pdpTabDes\">Este limpiador de acero\u00a0 brinda un excelente resultado en superficies met\u00e1licas interiores sin dejar residuos grasos en las superficies. Lustra y deja una pel\u00edcula protectora que asegura brillo y limpieza por m\u00e1s tiempo.<\/p>\n<h4 class=\"MMM--hdg MMM--pdpTabVr SNAPS--pdpTabVr\">Aplicaciones sugeridas<\/h4>\n<ul class=\"MMM--pdpList SNAPS--bullets\">\n<li>Acero inoxidable, cromo, bronce, aluminio, metales, pl\u00e1stico laminado, esmalte y cer\u00e1mica.<\/li>\n<\/ul>\n<\/div>\n<\/div>\n<\/div>\n<\/div>\n","protected":false},"excerpt":{"rendered":"<p>Este limpiador de acero\u00a0 brinda un excelente resultado en superficies met\u00e1licas interiores sin dejar residuos grasos en las superficies. Lustra y deja una pel\u00edcula protectora que asegura brillo y limpieza por m\u00e1s tiempo. Embellece y Protege superficies de acero inoxidables, pl\u00e1sticos y metales delicados en un solo paso.<\/p>\n<p>&nbsp;<\/p>\n","protected":false},"featured_media":5085,"template":"","meta":{"_joinchat":[]},"product_brand":[],"product_cat":[422,560,498],"product_tag":[683,424,677,425,680,567,681,678,679],"class_list":{"0":"post-5083","1":"product","2":"type-product","3":"status-publish","4":"has-post-thumbnail","6":"product_cat-3m","7":"product_cat-limpiadores","8":"product_cat-pulidores","9":"product_tag-283-gr","10":"product_tag-3m","11":"product_tag-acero","12":"product_tag-aerosol","13":"product_tag-cleaner","14":"product_tag-limpiador","15":"product_tag-polish","16":"product_tag-stainless","17":"product_tag-steel","19":"first","20":"outofstock","21":"shipping-taxable","22":"purchasable","23":"product-type-simple"},"_links":{"self":[{"href":"https:\/\/nauticaescalada.com.ar\/eshop\/wp-json\/wp\/v2\/product\/5083","targetHints":{"allow":["GET"]}}],"collection":[{"href":"https:\/\/nauticaescalada.com.ar\/eshop\/wp-json\/wp\/v2\/product"}],"about":[{"href":"https:\/\/nauticaescalada.com.ar\/eshop\/wp-json\/wp\/v2\/types\/product"}],"wp:featuredmedia":[{"embeddable":true,"href":"https:\/\/nauticaescalada.com.ar\/eshop\/wp-json\/wp\/v2\/media\/5085"}],"wp:attachment":[{"href":"https:\/\/nauticaescalada.com.ar\/eshop\/wp-json\/wp\/v2\/media?parent=5083"}],"wp:term":[{"taxonomy":"product_brand","embeddable":true,"href":"https:\/\/nauticaescalada.com.ar\/eshop\/wp-json\/wp\/v2\/product_brand?post=5083"},{"taxonomy":"product_cat","embeddable":true,"href":"https:\/\/nauticaescalada.com.ar\/eshop\/wp-json\/wp\/v2\/product_cat?post=5083"},{"taxonomy":"product_tag","embeddable":true,"href":"https:\/\/nauticaescalada.com.ar\/eshop\/wp-json\/wp\/v2\/product_tag?post=5083"}],"curies":[{"name":"wp","href":"https:\/\/api.w.org\/{rel}","templated":true}]}}