{"id":4988,"date":"2020-07-18T16:00:12","date_gmt":"2020-07-18T19:00:12","guid":{"rendered":"http:\/\/nauticaescalada.com.ar\/eshop\/?post_type=product&#038;p=4988"},"modified":"2025-08-15T11:07:51","modified_gmt":"2025-08-15T14:07:51","slug":"film-perforado-50-mic-157o-1-524mts-preciom-por-metro-lineal","status":"publish","type":"product","link":"https:\/\/nauticaescalada.com.ar\/eshop\/producto\/film-perforado-50-mic-157o-1-524mts-preciom-por-metro-lineal\/","title":{"rendered":"SEALANT TAPE CINTA VACIO  AT150\u00ba ESP, 3MM ANC 12MM ROLLO 15M"},"content":{"rendered":"<p data-start=\"511\" data-end=\"722\">La <strong data-start=\"514\" data-end=\"551\">Sealant Tape BST 100 \/ Airseal 2T<\/strong> es una masilla de sellado especialmente formulada para procesos de vac\u00edo o infusi\u00f3n a temperatura ambiente y media, con excelente adherencia y f\u00e1cil remoci\u00f3n de moldes.<\/p>\n<p data-start=\"724\" data-end=\"1072\">Fabricada en caucho sint\u00e9tico de alta calidad, esta cinta ofrece sellado seguro en herramientas de metal o compuestas, y tambi\u00e9n puede utilizarse en aplicaciones bolsa a bolsa para temperaturas m\u00e1s altas (hasta <strong data-start=\"935\" data-end=\"945\">180 \u00b0C<\/strong>). Su larga vida \u00fatil reduce desperdicios, y la versi\u00f3n T est\u00e1 dise\u00f1ada para entornos fr\u00edos, con mayor capacidad de adhesi\u00f3n.<\/p>\n<p data-start=\"1074\" data-end=\"1091\"><strong data-start=\"1074\" data-end=\"1089\">Beneficios:<\/strong><\/p>\n<ul data-start=\"1092\" data-end=\"1376\">\n<li data-start=\"1092\" data-end=\"1134\">\n<p data-start=\"1094\" data-end=\"1134\">Excelente relaci\u00f3n costo\u2013prestaciones.<\/p>\n<\/li>\n<li data-start=\"1135\" data-end=\"1185\">\n<p data-start=\"1137\" data-end=\"1185\">Adherencia firme y limpieza f\u00e1cil tras el uso.<\/p>\n<\/li>\n<li data-start=\"1186\" data-end=\"1241\">\n<p data-start=\"1188\" data-end=\"1241\">Compatible con herramientas met\u00e1licas y compuestas.<\/p>\n<\/li>\n<li data-start=\"1242\" data-end=\"1321\">\n<p data-start=\"1244\" data-end=\"1321\">Resistencia t\u00e9rmica: 150 \u00b0C (bolsa a herramienta) \/ 180 \u00b0C (bolsa a bolsa).<\/p>\n<\/li>\n<li data-start=\"1322\" data-end=\"1376\">\n<p data-start=\"1324\" data-end=\"1376\">Larga vida \u00fatil: hasta 18 meses desde fabricaci\u00f3n.<\/p>\n<\/li>\n<\/ul>\n<h3><a href=\"https:\/\/nauticaescalada.com.ar\/eshop\/wp-content\/uploads\/2020\/07\/SEALANT-TAPE-TB140-ROLLO-15-mts.pdf\">CLICK AQU\u00cd PARA FICHA TECNICA<\/a><\/h3>\n","protected":false},"excerpt":{"rendered":"<p>La Sealant Tape BST 100 \/ Airseal 2T es una masilla de sellado especialmente formulada para procesos de vac\u00edo o infusi\u00f3n a temperatura ambiente y media,<span class=\"excerpt-hellip\"> [\u2026]<\/span><\/p>\n","protected":false},"featured_media":4995,"template":"","meta":{"_joinchat":{"telephone":"+541172031234"}},"product_brand":[],"product_cat":[654],"product_tag":[1132,650,1131,1130,1133,1127,1128,491,660,456,656,492,658,1126,1129,657,659],"class_list":{"0":"post-4988","1":"product","2":"type-product","3":"status-publish","4":"has-post-thumbnail","6":"product_cat-insumos-vacio-infusion","7":"product_tag-airseal-2t","8":"product_tag-barcos","9":"product_tag-bst-100","10":"product_tag-caucho-sintetico","11":"product_tag-cinta-butilo","12":"product_tag-cinta-de-vacio","13":"product_tag-cinta-para-infusion","14":"product_tag-composite","15":"product_tag-fibra-carbono","16":"product_tag-fibra-de-vidrio","17":"product_tag-film-perforado","18":"product_tag-infusion","19":"product_tag-laminad","20":"product_tag-sealant-tape","21":"product_tag-sellado-de-bolsa","22":"product_tag-vacio","23":"product_tag-veleros","25":"first","26":"instock","27":"shipping-taxable","28":"product-type-simple"},"_links":{"self":[{"href":"https:\/\/nauticaescalada.com.ar\/eshop\/wp-json\/wp\/v2\/product\/4988","targetHints":{"allow":["GET"]}}],"collection":[{"href":"https:\/\/nauticaescalada.com.ar\/eshop\/wp-json\/wp\/v2\/product"}],"about":[{"href":"https:\/\/nauticaescalada.com.ar\/eshop\/wp-json\/wp\/v2\/types\/product"}],"wp:featuredmedia":[{"embeddable":true,"href":"https:\/\/nauticaescalada.com.ar\/eshop\/wp-json\/wp\/v2\/media\/4995"}],"wp:attachment":[{"href":"https:\/\/nauticaescalada.com.ar\/eshop\/wp-json\/wp\/v2\/media?parent=4988"}],"wp:term":[{"taxonomy":"product_brand","embeddable":true,"href":"https:\/\/nauticaescalada.com.ar\/eshop\/wp-json\/wp\/v2\/product_brand?post=4988"},{"taxonomy":"product_cat","embeddable":true,"href":"https:\/\/nauticaescalada.com.ar\/eshop\/wp-json\/wp\/v2\/product_cat?post=4988"},{"taxonomy":"product_tag","embeddable":true,"href":"https:\/\/nauticaescalada.com.ar\/eshop\/wp-json\/wp\/v2\/product_tag?post=4988"}],"curies":[{"name":"wp","href":"https:\/\/api.w.org\/{rel}","templated":true}]}}