{"id":4874,"date":"2020-07-16T15:12:59","date_gmt":"2020-07-16T18:12:59","guid":{"rendered":"http:\/\/nauticaescaladac.ns151.dnsarg.com\/eshop\/?post_type=product&#038;p=4874"},"modified":"2025-08-13T15:48:17","modified_gmt":"2025-08-13T18:48:17","slug":"zeocar-finish-masilla-x-1kg","status":"publish","type":"product","link":"https:\/\/nauticaescalada.com.ar\/eshop\/producto\/zeocar-finish-masilla-x-1kg\/","title":{"rendered":"ZEOCAR FINISH MASILLA X 1KG"},"content":{"rendered":"<h3>DESCRIPCI\u00d3N:<\/h3>\n<p>La masilla Finish est\u00e1 desarrollada para arreglos de abolladuras, cubrir irregularidades e imperfecciones de carrocer\u00edas. Es un producto de 2 componentes: El primero es una masilla fabricada con resinas poli\u00e9ster insaturadas, de media reactividad, cargas de minerales naturales inertes y aditivos especiales. Mientras que el segundo (Endurecedor) es una pasta de Per\u00f3xido de Benzoilo al 50%. Su finura la hace especial para los detalles para el acabado de la preparaci\u00f3n de la superficie a pintar.<\/p>\n<h3>Caracter\u00edsticas:<\/h3>\n<ul>\n<li>R\u00e1pido endurecimiento \u2013 Al mezclar los componentes en su proporci\u00f3n adecuada ti tiempo de secado es r\u00e1pido en comparaci\u00f3n de la masilla a la piroxilina. \u2013<\/li>\n<li>Buen poder de relleno \u2013 Por su buena formulaci\u00f3n tiene gran poder de relleno.-<\/li>\n<li>Maleabilidad \u2013 La mezcla est\u00e1 dise\u00f1ada para que tenga muy buen manejo con esp\u00e1tula por su buen corte y reolog\u00eda.-<\/li>\n<li>F\u00e1cil de lijar \u2013 Debido a su composici\u00f3n de minerales es blanda para lijar.-<\/li>\n<li>Muy baja porosidad \u2013 La mezcla de aditivos y materiales finos permiten que esta masilla casi no le queden poros.-<\/li>\n<li>Buena elasticidad \u2013 La mezcla de las distintas resinas utilizadas y excelente estructura que le da la buena elasticidad.-<\/li>\n<li>Versatilidad \u2013 Se puede aplicar en distintos tipos de sustratos, como por ejemplo Chapas de acero, laminados de pl\u00e1sticos reforzados, Maderas, aglomerados, fibrocemento, etc\u2026. \u2013<\/li>\n<\/ul>\n<h3>Modo de aplicaci\u00f3n:<\/h3>\n<ol>\n<li>Limpiar bien la grasa de la superficie y sacar todas part\u00edculas sueltas (arena, tierra, polvo, \u00f3xido, etc\u2026).<\/li>\n<li>Lijar la superficie a tratar para mejorar su adherencia.<\/li>\n<li>ATENCI\u00d3N una vez que se empieza a mezclar la masilla y catalizador tiene un tiempo limitado para utilizarla sin que se endurezca (tiempo de trabajo 5 a 10 min. a 20\u00b0C).<\/li>\n<li>Mezclar la proporci\u00f3n que crea necesaria de masilla y catalizador (recomendada 50\/1), hasta que quede homog\u00e9nea.<\/li>\n<li>Aplicar en con esp\u00e1tula sobre la superficie a reparar.<\/li>\n<li>Esperar 15-20 min. comenzar con lija P-150 y terminar con lija P-220\/240<\/li>\n<li>\u00a1\u00a1\u00a1Atenci\u00f3n!!! Recuerde que los tiempos de trabajo y los tiempos de lijados son afectadospor las temperaturas, a bajas temperaturas los tiempos aumentan y a temperaturas altas los tiempos se acortan. No se debe exceder el 2,5% de catalizador ni debe estar por debajo del 1,5%, porque puede acarrear problemas posteriores.<\/li>\n<\/ol>\n<h3>Precauciones:<\/h3>\n<ul>\n<li>Solo se aconseja el uso de este producto bajo la supervisi\u00f3n de un profesional.<\/li>\n<li>Producto inflamable, mantener el envase bien cerrado y lejos de fuentes de calor.<\/li>\n<li>Almacenar en lugar fresco y seco.<\/li>\n<li>Aplicar en \u00e1reas bien ventiladas o con extracci\u00f3n forzada de aire.<\/li>\n<li>Utilice los elementos de protecci\u00f3n correspondiente.<\/li>\n<li>Almacenar en lugares limpios y secos lejos de posibles fuentes de calor.<\/li>\n<li>Evitar el contacto con la piel, ojos y la inhalaci\u00f3n de los vapores.<\/li>\n<li>En caso de contacto en con la piel lavarse con abundante agua y jab\u00f3n, de continuar con la\u00a0zona irritada concurra al m\u00e9dico.<\/li>\n<li>En caso de contacto en con los ojos l\u00e1vese con abundante agua y concurra al oftalm\u00f3logo.<\/li>\n<li>En caso de ingesti\u00f3n no produzca el v\u00f3mito, si la persona est\u00e1 consiente dele de beber\u00a0abundante agua y concurra al m\u00e9dico de inmediato.<\/li>\n<li>Mantenga el producto fuera del alcance de los ni\u00f1os.<\/li>\n<\/ul>\n<h3>Contenido y especificaciones:<\/h3>\n<h4>Masilla:<\/h4>\n<ul>\n<li style=\"list-style-type: none;\">\n<ul>\n<li><strong>Aspecto:<\/strong>Masa pastosa, cremosa.<\/li>\n<li><strong>Color:<\/strong>\u00a0Blanco-beige\/blanco-verdoso.<\/li>\n<li><strong>Peso espec\u00edfico a 20\u00b0C:<\/strong>\u00a01,68-1,76 gr\/ m2<\/li>\n<li><strong>Tiempo abierto de trabajo a 20-25\u00b0C:<\/strong>\u00a05 a 10 min.<\/li>\n<li><strong>Tiempo para el lijado a 20-25\u00b0C:<\/strong>\u00a020 a 30 min.<\/li>\n<\/ul>\n<\/li>\n<\/ul>\n<h4>Catalizador:<\/h4>\n<ul>\n<li><strong>Aspecto:<\/strong>\u00a0Pasta suave.<\/li>\n<li><strong>Color:<\/strong>\u00a0Rojo.<\/li>\n<li><strong>Actividad per\u00f3xido:<\/strong>\u00a048-50%<\/li>\n<\/ul>\n<h3>Presentaci\u00f3n:<\/h3>\n<ul>\n<li>Lata de 1 Kg, 1 pomo de catalizador 25 gr.<\/li>\n<\/ul>\n","protected":false},"excerpt":{"rendered":"<p>DESCRIPCI\u00d3N: La masilla Finish est\u00e1 desarrollada para arreglos de abolladuras, cubrir irregularidades e imperfecciones de carrocer\u00edas. Es un producto de 2 componentes: El primero es una<span class=\"excerpt-hellip\"> [\u2026]<\/span><\/p>\n","protected":false},"featured_media":4875,"template":"","meta":{"_joinchat":[]},"product_brand":[],"product_cat":[617],"product_tag":[],"class_list":{"0":"post-4874","1":"product","2":"type-product","3":"status-publish","4":"has-post-thumbnail","6":"product_cat-poliester-2","8":"first","9":"instock","10":"shipping-taxable","11":"purchasable","12":"product-type-simple"},"_links":{"self":[{"href":"https:\/\/nauticaescalada.com.ar\/eshop\/wp-json\/wp\/v2\/product\/4874","targetHints":{"allow":["GET"]}}],"collection":[{"href":"https:\/\/nauticaescalada.com.ar\/eshop\/wp-json\/wp\/v2\/product"}],"about":[{"href":"https:\/\/nauticaescalada.com.ar\/eshop\/wp-json\/wp\/v2\/types\/product"}],"wp:featuredmedia":[{"embeddable":true,"href":"https:\/\/nauticaescalada.com.ar\/eshop\/wp-json\/wp\/v2\/media\/4875"}],"wp:attachment":[{"href":"https:\/\/nauticaescalada.com.ar\/eshop\/wp-json\/wp\/v2\/media?parent=4874"}],"wp:term":[{"taxonomy":"product_brand","embeddable":true,"href":"https:\/\/nauticaescalada.com.ar\/eshop\/wp-json\/wp\/v2\/product_brand?post=4874"},{"taxonomy":"product_cat","embeddable":true,"href":"https:\/\/nauticaescalada.com.ar\/eshop\/wp-json\/wp\/v2\/product_cat?post=4874"},{"taxonomy":"product_tag","embeddable":true,"href":"https:\/\/nauticaescalada.com.ar\/eshop\/wp-json\/wp\/v2\/product_tag?post=4874"}],"curies":[{"name":"wp","href":"https:\/\/api.w.org\/{rel}","templated":true}]}}