{"id":4782,"date":"2020-07-14T14:50:43","date_gmt":"2020-07-14T17:50:43","guid":{"rendered":"http:\/\/nauticaescaladac.ns151.dnsarg.com\/eshop\/?post_type=product&#038;p=4782"},"modified":"2025-08-20T14:43:48","modified_gmt":"2025-08-20T17:43:48","slug":"3m-adhesivo-scotch-super-77-467gr-aerosol","status":"publish","type":"product","link":"https:\/\/nauticaescalada.com.ar\/eshop\/producto\/3m-adhesivo-scotch-super-77-467gr-aerosol\/","title":{"rendered":"3M ADHESIVO SCOTCH SUPER 77 467GR AEROSOL"},"content":{"rendered":"<p><span style=\"font-weight: 400;\">Detalles<\/span><\/p>\n<p><span style=\"font-weight: 400;\">\u00a0<\/span><a href=\"https:\/\/youtu.be\/EPYnODTxzp8\"><span style=\"font-weight: 400;\">https:\/\/youtu.be\/EPYnODTxzp8<\/span><\/a><\/p>\n<p><span style=\"font-weight: 400;\">Adhesivo multiuso transparente que forma uniones resistentes en papel, cart\u00f3n, tejido, espuma acolchada, pl\u00e1stico, metal y madera, entre otros materiales<\/span><\/p>\n<p><span style=\"font-weight: 400;\">Se aplica directamente a las superficies y los materiales donde se necesite.<\/span><\/p>\n<p><span style=\"font-weight: 400;\">Adhesivo para mantener en su lugar tejidos de vidrio durante procesos de infusi\u00f3n Uni\u00f3n de laminados, revestimientos decorativos, films finos, papel de aluminio y tejidos . Aplicaciones de carpinter\u00eda, sujeci\u00f3n de aislamientos de fibra de vidrio y de esquineros de planchas de yeso, sujetar etiquetas, diagramas de cableado, etc. Marcos de fotos y montaje de presentaciones (es seguro para las fotos enmarcado de cuadros y montaje de expositores)<\/span><\/p>\n<p><span style=\"font-weight: 400;\">Une materiales aislantes como el poliestireno, la lana de roca y la lana de vidrio<\/span><\/p>\n<p><span style=\"font-weight: 400;\">Sujeci\u00f3n de aislamientos de fibra de vidrio y de esquineros de planchas de yeso<\/span><\/p>\n<p><span style=\"font-weight: 400;\">Uni\u00f3n de films decorativos finos, l\u00e1minas y tejidos<\/span><\/p>\n<p><span style=\"font-weight: 400;\">Proyectos de mantenimiento general y reparaci\u00f3n<\/span><\/p>\n<p><span style=\"font-weight: 400;\">Para diversos trabajos de exposici\u00f3n y mobiliario<\/span><\/p>\n","protected":false},"excerpt":{"rendered":"<p><span style=\"font-weight: 400;\">Adhesivo para mantener en su lugar tejidos de vidrio durante procesos de infusi\u00f3n Uni\u00f3n de laminados, revestimientos decorativos, films finos, papel de aluminio y tejidos . Aplicaciones de carpinter\u00eda, sujeci\u00f3n de aislamientos de fibra de vidrio y de esquineros de planchas de yeso, sujetar etiquetas, diagramas de cableado, etc. Marcos de fotos y montaje <\/span><\/p>\n","protected":false},"featured_media":4783,"template":"","meta":{"_joinchat":[]},"product_brand":[],"product_cat":[422,531],"product_tag":[424,534,444,470,535,452,533,532,536],"class_list":{"0":"post-4782","1":"product","2":"type-product","3":"status-publish","4":"has-post-thumbnail","6":"product_cat-3m","7":"product_cat-adhesivo","8":"product_tag-3m","9":"product_tag-534","10":"product_tag-adhesivo","11":"product_tag-escalada","12":"product_tag-multiuso","13":"product_tag-nautica","14":"product_tag-super","15":"product_tag-super77","16":"product_tag-transparente","18":"first","19":"instock","20":"shipping-taxable","21":"product-type-simple"},"_links":{"self":[{"href":"https:\/\/nauticaescalada.com.ar\/eshop\/wp-json\/wp\/v2\/product\/4782","targetHints":{"allow":["GET"]}}],"collection":[{"href":"https:\/\/nauticaescalada.com.ar\/eshop\/wp-json\/wp\/v2\/product"}],"about":[{"href":"https:\/\/nauticaescalada.com.ar\/eshop\/wp-json\/wp\/v2\/types\/product"}],"wp:featuredmedia":[{"embeddable":true,"href":"https:\/\/nauticaescalada.com.ar\/eshop\/wp-json\/wp\/v2\/media\/4783"}],"wp:attachment":[{"href":"https:\/\/nauticaescalada.com.ar\/eshop\/wp-json\/wp\/v2\/media?parent=4782"}],"wp:term":[{"taxonomy":"product_brand","embeddable":true,"href":"https:\/\/nauticaescalada.com.ar\/eshop\/wp-json\/wp\/v2\/product_brand?post=4782"},{"taxonomy":"product_cat","embeddable":true,"href":"https:\/\/nauticaescalada.com.ar\/eshop\/wp-json\/wp\/v2\/product_cat?post=4782"},{"taxonomy":"product_tag","embeddable":true,"href":"https:\/\/nauticaescalada.com.ar\/eshop\/wp-json\/wp\/v2\/product_tag?post=4782"}],"curies":[{"name":"wp","href":"https:\/\/api.w.org\/{rel}","templated":true}]}}