{"id":4780,"date":"2020-07-14T14:17:35","date_gmt":"2020-07-14T17:17:35","guid":{"rendered":"http:\/\/nauticaescaladac.ns151.dnsarg.com\/eshop\/?post_type=product&#038;p=4780"},"modified":"2023-05-15T14:12:58","modified_gmt":"2023-05-15T17:12:58","slug":"3m-3903-cinta-duct-pg-negro-48mm-x-9m","status":"publish","type":"product","link":"https:\/\/nauticaescalada.com.ar\/eshop\/producto\/3m-3903-cinta-duct-pg-negro-48mm-x-9m\/","title":{"rendered":"3M 3903 CINTA DUCT  PG NEGRO 48MM X 9M"},"content":{"rendered":"<p><span style=\"font-weight: 400;\">Cinta vin\u00edlica multiprop\u00f3sito. Ideal para reparaci\u00f3n, sellado y refuerzo. Micro-replicaci\u00f3n para facilitar el corte.<\/span><\/p>\n","protected":false},"excerpt":{"rendered":"<p><span style=\"font-weight: 400;\">Cinta vin\u00edlica multiprop\u00f3sito. Ideal para reparaci\u00f3n, sellado y refuerzo. Micro-replicaci\u00f3n para facilitar el corte.<\/span><\/p>\n","protected":false},"featured_media":5227,"template":"","meta":{"_joinchat":[]},"product_brand":[],"product_cat":[422,522],"product_tag":[424,523,524,470,526,452,525],"class_list":{"0":"post-4780","1":"product","2":"type-product","3":"status-publish","4":"has-post-thumbnail","6":"product_cat-3m","7":"product_cat-cintas","8":"product_tag-3m","9":"product_tag-cinta","10":"product_tag-duc","11":"product_tag-escalada","12":"product_tag-multiproposito","13":"product_tag-nautica","14":"product_tag-tape","16":"first","17":"instock","18":"shipping-taxable","19":"purchasable","20":"product-type-simple"},"_links":{"self":[{"href":"https:\/\/nauticaescalada.com.ar\/eshop\/wp-json\/wp\/v2\/product\/4780","targetHints":{"allow":["GET"]}}],"collection":[{"href":"https:\/\/nauticaescalada.com.ar\/eshop\/wp-json\/wp\/v2\/product"}],"about":[{"href":"https:\/\/nauticaescalada.com.ar\/eshop\/wp-json\/wp\/v2\/types\/product"}],"wp:featuredmedia":[{"embeddable":true,"href":"https:\/\/nauticaescalada.com.ar\/eshop\/wp-json\/wp\/v2\/media\/5227"}],"wp:attachment":[{"href":"https:\/\/nauticaescalada.com.ar\/eshop\/wp-json\/wp\/v2\/media?parent=4780"}],"wp:term":[{"taxonomy":"product_brand","embeddable":true,"href":"https:\/\/nauticaescalada.com.ar\/eshop\/wp-json\/wp\/v2\/product_brand?post=4780"},{"taxonomy":"product_cat","embeddable":true,"href":"https:\/\/nauticaescalada.com.ar\/eshop\/wp-json\/wp\/v2\/product_cat?post=4780"},{"taxonomy":"product_tag","embeddable":true,"href":"https:\/\/nauticaescalada.com.ar\/eshop\/wp-json\/wp\/v2\/product_tag?post=4780"}],"curies":[{"name":"wp","href":"https:\/\/api.w.org\/{rel}","templated":true}]}}