{"id":4752,"date":"2020-07-13T22:04:12","date_gmt":"2020-07-14T01:04:12","guid":{"rendered":"http:\/\/nauticaescaladac.ns151.dnsarg.com\/eshop\/?post_type=product&#038;p=4752"},"modified":"2025-08-25T23:37:25","modified_gmt":"2025-08-26T02:37:25","slug":"foam-placa-espuma-de-3mm-h80-1mt-x-2-2mt-placa-de-2-2m2","status":"publish","type":"product","link":"https:\/\/nauticaescalada.com.ar\/eshop\/producto\/foam-placa-espuma-de-3mm-h80-1mt-x-2-2mt-placa-de-2-2m2\/","title":{"rendered":"FOAM ESPUMA PVC 3MM H80 1MT X 2.16MT PLACA DE 2.16M2"},"content":{"rendered":"<p><strong>Technical Data Sheet<\/strong><\/p>\n<p>PVC Foam Core 80D<\/p>\n<p>&nbsp;<\/p>\n<table>\n<tbody>\n<tr>\n<td colspan=\"2\" width=\"366\">&nbsp;<\/p>\n<p>N\u00facleo de espuma de PVC<\/td>\n<td width=\"75\">Unit<\/p>\n<p>(metric)<\/td>\n<td width=\"88\">&nbsp;<\/p>\n<p>Value<\/td>\n<td width=\"173\">&nbsp;<\/p>\n<p>80D<\/td>\n<\/tr>\n<tr>\n<td width=\"267\">&nbsp;<\/p>\n<p>DENSIDAD<\/td>\n<td width=\"100\">&nbsp;<\/p>\n<p>ISO 845<\/td>\n<td width=\"75\">Kg\/ m<sup>3<\/sup><\/td>\n<td width=\"88\">Average<\/p>\n<p>Typ.range<\/td>\n<td width=\"173\">80<\/p>\n<p>72-92<\/td>\n<\/tr>\n<tr>\n<td width=\"267\">\u00a0\u00a0\u00a0\u00a0\u00a0\u00a0\u00a0\u00a0\u00a0\u00a0\u00a0\u00a0 Fuerza compresiva<\/p>\n<p>Perpendicular al plano<\/td>\n<td width=\"100\">&nbsp;<\/p>\n<p>ISO 844<\/td>\n<td width=\"75\">N\/mm<sup>2<\/sup><\/td>\n<td width=\"88\">Average<\/p>\n<p>Minimum<\/td>\n<td width=\"173\">1.45<\/p>\n<p>1.11<\/td>\n<\/tr>\n<tr>\n<td width=\"267\">\u00a0\u00a0\u00a0\u00a0\u00a0\u00a0\u00a0\u00a0\u00a0\u00a0 M\u00f3dulo de compresi\u00f3n<\/p>\n<p>Perpendicular al plano<\/td>\n<td width=\"100\">&nbsp;<\/p>\n<p>DIN 53421<\/td>\n<td width=\"75\">N\/mm<sup>2<\/sup><\/td>\n<td width=\"88\">Average<\/p>\n<p>Minimum<\/td>\n<td width=\"173\">105<\/p>\n<p>80<\/td>\n<\/tr>\n<tr>\n<td width=\"267\">&nbsp;<\/p>\n<p>Resistencia a la tracci\u00f3n en el \u00a0\u00a0\u00a0\u00a0\u00a0\u00a0\u00a0\u00a0\u00a0\u00a0\u00a0\u00a0PLANO<\/p>\n<p>&nbsp;<\/td>\n<td width=\"100\">&nbsp;<\/p>\n<p>ISO 527 1-2<\/td>\n<td width=\"75\">N\/mm<sup>2<\/sup><\/td>\n<td width=\"88\">Average<\/p>\n<p>Minimum<\/td>\n<td width=\"173\">2.0<\/p>\n<p>1.7<\/td>\n<\/tr>\n<tr>\n<td width=\"267\">&nbsp;<\/p>\n<p>&nbsp;<\/p>\n<p>M\u00f3dulo de tracci\u00f3n en el plano<\/p>\n<p>&nbsp;<\/td>\n<td width=\"100\">&nbsp;<\/p>\n<p>ISO 527 1-2<\/td>\n<td width=\"75\">N\/mm<sup>2<\/sup><\/td>\n<td width=\"88\">Average<\/p>\n<p>Minimum<\/td>\n<td width=\"173\">66<\/p>\n<p>50<\/td>\n<\/tr>\n<tr>\n<td width=\"267\">\u00a0\u00a0\u00a0 .<\/p>\n<p>Resistencia a la cizalladura<\/p>\n<p>&nbsp;<\/td>\n<td width=\"100\">&nbsp;<\/p>\n<p>ISO 1922<\/td>\n<td width=\"75\">N\/mm<sup>2<\/sup><\/td>\n<td width=\"88\">Average<\/p>\n<p>Minimum<\/td>\n<td width=\"173\">1.2<\/p>\n<p>1.0<\/td>\n<\/tr>\n<tr>\n<td width=\"267\">&nbsp;<\/p>\n<p>MODULO CORTE<\/td>\n<td width=\"100\">&nbsp;<\/p>\n<p>ASTM C393<\/td>\n<td width=\"75\">N\/mm<sup>2<\/sup><\/td>\n<td width=\"88\">Average<\/p>\n<p>Minimum<\/td>\n<td width=\"173\">30<\/p>\n<p>24<\/td>\n<\/tr>\n<tr>\n<td width=\"267\">&nbsp;<\/p>\n<p>Elongaci\u00f3n de corte en la rotura<\/p>\n<p>&nbsp;<\/td>\n<td width=\"100\">&nbsp;<\/p>\n<p>ISO 1922<\/td>\n<td width=\"75\">&nbsp;<\/p>\n<p>%<\/td>\n<td width=\"88\">Average<\/p>\n<p>Minimum<\/td>\n<td width=\"173\">18<\/p>\n<p>11<\/td>\n<\/tr>\n<\/tbody>\n<\/table>\n","protected":false},"excerpt":{"rendered":"<p>\u25cf Una buena estabilidad dimensional y procesabilidad, adecuada para el proceso de fabricaci\u00f3n de diversas estructuras tipo s\u00e1ndwich, y compatible con una variedad de sistemas de resina, es el n\u00facleo ideal de la estructura s\u00e1ndwich compuesta liviana<\/p>\n<p>&nbsp;<\/p>\n<p>80D PVC FOAM CORE Test Way<br \/>\ndate unit<br \/>\nDensity 80 KG\/M3 ISO 845<br \/>\nCompress trength 1.35 MPa ASTM D 1621<br \/>\nModulus of compression 92 MPa ASTM D 1621<br \/>\nTensile strength 2.21 MPa ASTM D 1623<br \/>\nModulus of Tensile 87 MPa ASTM D 1623<br \/>\nShear strength 1.11 MPa ASTM C 273<br \/>\nModulus of shearing 31 MPa ASTM C 273<br \/>\nShear Strain 30 % ASTM C 273<br \/>\nWater absorption 1.6 v% ISO 2986<br \/>\nCoefficient of linear expasion 40<br \/>\nContinuous temperature range from -200 to 70 \u00b0C<br \/>\nMax processing temperature 90 \u00b0C<\/p>\n","protected":false},"featured_media":4724,"template":"","meta":{"_joinchat":[]},"product_brand":[],"product_cat":[414,481],"product_tag":[484,487,486,488,483,485],"class_list":{"0":"post-4752","1":"product","2":"type-product","3":"status-publish","4":"has-post-thumbnail","6":"product_cat-placas-escructurales","7":"product_cat-espuma-pvc","8":"product_tag-espuma-pvc","9":"product_tag-estructural","10":"product_tag-foam","11":"product_tag-home","12":"product_tag-placa","13":"product_tag-pvc","15":"first","16":"instock","17":"shipping-taxable","18":"purchasable","19":"product-type-simple"},"_links":{"self":[{"href":"https:\/\/nauticaescalada.com.ar\/eshop\/wp-json\/wp\/v2\/product\/4752","targetHints":{"allow":["GET"]}}],"collection":[{"href":"https:\/\/nauticaescalada.com.ar\/eshop\/wp-json\/wp\/v2\/product"}],"about":[{"href":"https:\/\/nauticaescalada.com.ar\/eshop\/wp-json\/wp\/v2\/types\/product"}],"wp:featuredmedia":[{"embeddable":true,"href":"https:\/\/nauticaescalada.com.ar\/eshop\/wp-json\/wp\/v2\/media\/4724"}],"wp:attachment":[{"href":"https:\/\/nauticaescalada.com.ar\/eshop\/wp-json\/wp\/v2\/media?parent=4752"}],"wp:term":[{"taxonomy":"product_brand","embeddable":true,"href":"https:\/\/nauticaescalada.com.ar\/eshop\/wp-json\/wp\/v2\/product_brand?post=4752"},{"taxonomy":"product_cat","embeddable":true,"href":"https:\/\/nauticaescalada.com.ar\/eshop\/wp-json\/wp\/v2\/product_cat?post=4752"},{"taxonomy":"product_tag","embeddable":true,"href":"https:\/\/nauticaescalada.com.ar\/eshop\/wp-json\/wp\/v2\/product_tag?post=4752"}],"curies":[{"name":"wp","href":"https:\/\/api.w.org\/{rel}","templated":true}]}}