{"id":4679,"date":"2020-07-10T15:58:19","date_gmt":"2020-07-10T18:58:19","guid":{"rendered":"http:\/\/nauticaescaladac.ns151.dnsarg.com\/eshop\/?post_type=product&#038;p=4679"},"modified":"2025-08-15T11:13:22","modified_gmt":"2025-08-15T14:13:22","slug":"resina-epoxy-kd-816-con-edurecedo-1-kg-laminacion-manual","status":"publish","type":"product","link":"https:\/\/nauticaescalada.com.ar\/eshop\/producto\/resina-epoxy-kd-816-con-edurecedo-1-kg-laminacion-manual\/","title":{"rendered":"Resina Epoxy KD 816 con Endurecedor \u2013 Kit 5 kg para Laminaci\u00f3n Manual"},"content":{"rendered":"<p data-start=\"328\" data-end=\"661\">La <strong data-start=\"356\" data-end=\"388\">resina epoxi EPOKUKDO YD-128<\/strong> es una resina l\u00edquida est\u00e1ndar de alta calidad derivada de Bisfenol-A. Gracias a sus propiedades \u00fanicas, como <strong data-start=\"499\" data-end=\"521\">excelente adhesi\u00f3n<\/strong>, <strong data-start=\"523\" data-end=\"546\">resistencia qu\u00edmica<\/strong>, <strong data-start=\"548\" data-end=\"572\">resistencia al calor<\/strong> y durabilidad, se utiliza ampliamente en diversos sectores industriales y artesanales.<\/p>\n<p data-start=\"663\" data-end=\"695\"><strong data-start=\"663\" data-end=\"693\">Aplicaciones recomendadas:<\/strong><\/p>\n<ul data-start=\"696\" data-end=\"952\">\n<li data-start=\"696\" data-end=\"748\">\n<p data-start=\"698\" data-end=\"748\">Laminado manual y reforzado con fibra de vidrio.<\/p>\n<\/li>\n<li data-start=\"749\" data-end=\"810\">\n<p data-start=\"751\" data-end=\"810\">Revestimientos protectores y recubrimientos industriales.<\/p>\n<\/li>\n<li data-start=\"811\" data-end=\"875\">\n<p data-start=\"813\" data-end=\"875\">Adhesivos de alto rendimiento para metal, madera y pl\u00e1stico.<\/p>\n<\/li>\n<li data-start=\"876\" data-end=\"952\">\n<p data-start=\"878\" data-end=\"952\">Componentes el\u00e9ctricos y electr\u00f3nicos que requieren aislamiento t\u00e9rmico.<\/p>\n<\/li>\n<\/ul>\n<p data-start=\"954\" data-end=\"969\"><strong data-start=\"954\" data-end=\"967\">Ventajas:<\/strong><\/p>\n<ul data-start=\"970\" data-end=\"1162\">\n<li data-start=\"970\" data-end=\"1001\">\n<p data-start=\"972\" data-end=\"1001\">F\u00e1cil de mezclar y aplicar.<\/p>\n<\/li>\n<li data-start=\"1002\" data-end=\"1063\">\n<p data-start=\"1004\" data-end=\"1063\">Excelente comportamiento frente a qu\u00edmicos y temperatura.<\/p>\n<\/li>\n<li data-start=\"1064\" data-end=\"1108\">\n<p data-start=\"1066\" data-end=\"1108\">Alta resistencia mec\u00e1nica y durabilidad.<\/p>\n<\/li>\n<li data-start=\"1109\" data-end=\"1162\">\n<p data-start=\"1111\" data-end=\"1162\">Compatible con endurecedores est\u00e1ndar para epoxi.<\/p>\n<\/li>\n<\/ul>\n<p data-start=\"1164\" data-end=\"1248\"><strong data-start=\"1164\" data-end=\"1181\">Presentaci\u00f3n:<\/strong> Kit de 5 kg (resina + endurecedor) listo para laminaci\u00f3n manual.<\/p>\n<p>HOJA TECNICA: HACE CLICK ABAJO<\/p>\n<p><a href=\"http:\/\/nauticaescaladac.ns151.dnsarg.com\/eshop\/wp-content\/uploads\/2020\/07\/RESINA-EPOXI-KD-1.pdf\">RESINA EPOXI KD<\/a><\/p>\n<p>&nbsp;<\/p>\n","protected":false},"excerpt":{"rendered":"<article class=\"text-token-text-primary w-full focus:outline-none scroll-mt-[calc(var(--header-height)+min(200px,max(70px,20svh)))]\" dir=\"auto\" tabindex=\"-1\" data-turn-id=\"request-WEB:89b8ce06-6b83-4f7f-87ea-0447a81608cb-13\" data-testid=\"conversation-turn-28\" data-scroll-anchor=\"true\" data-turn=\"assistant\">\n<div class=\"text-base my-auto mx-auto pb-10 [--thread-content-margin:--spacing(4)] @[37rem]:[--thread-content-margin:--spacing(6)] @[72rem]:[--thread-content-margin:--spacing(16)] px-(--thread-content-margin)\">\n<div class=\"[--thread-content-max-width:32rem] @[34rem]:[--thread-content-max-width:40rem] @[64rem]:[--thread-content-max-width:48rem] mx-auto max-w-(--thread-content-max-width) flex-1 group\/turn-messages focus-visible:outline-hidden relative flex w-full min-w-0 flex-col agent-turn\" tabindex=\"-1\">\n<div class=\"flex max-w-full flex-col grow\">\n<div class=\"min-h-8 text-message relative flex w-full flex-col items-end gap-2 text-start break-words whitespace-normal [.text-message+&amp;]:mt-5\" dir=\"auto\" data-message-author-role=\"assistant\" data-message-id=\"326fcc3b-bc4f-479c-b3be-7110e8082f4c\" data-message-model-slug=\"gpt-5-mini\">\n<div class=\"flex w-full flex-col gap-1 empty:hidden first:pt-[3px]\">\n<div class=\"markdown prose dark:prose-invert w-full break-words light markdown-new-styling\">\n<p data-start=\"65\" data-end=\"374\" data-is-last-node=\"\" data-is-only-node=\"\"><strong data-start=\"65\" data-end=\"108\">Resina Epoxi Kit 5 kg \u2013 EPOKUKDO YD-128<\/strong><br data-start=\"108\" data-end=\"111\" \/>Resina epoxi l\u00edquida de alta calidad, ideal para <strong data-start=\"160\" data-end=\"204\">laminaci\u00f3n con fibra de vidrio o carbono<\/strong>, <strong data-start=\"206\" data-end=\"235\">manualidades y artesan\u00edas<\/strong>, y <strong data-start=\"239\" data-end=\"284\">impermeabilizaci\u00f3n de concreto y terrazas<\/strong>. Excelente adhesi\u00f3n, resistencia qu\u00edmica y t\u00e9rmica. Incluye endurecedor, lista para usar.<\/p>\n<\/div>\n<\/div>\n<\/div>\n<\/div>\n<\/div>\n<\/div>\n<\/article>\n","protected":false},"featured_media":4600,"template":"","meta":{"_joinchat":{"telephone":"+541172031234"}},"product_brand":[],"product_cat":[461],"product_tag":[1136,466,1141,463,464,1123,456,1138,1134,465,1135,1137,409,1091,1140,1139],"class_list":{"0":"post-4679","1":"product","2":"type-product","3":"status-publish","4":"has-post-thumbnail","6":"product_cat-epoxy","7":"product_tag-colada-epoxi","8":"product_tag-composites","9":"product_tag-endurecedor-epoxi","10":"product_tag-epoxi","11":"product_tag-epoxy","12":"product_tag-fibra-de-carbono","13":"product_tag-fibra-de-vidrio","14":"product_tag-impermeabilizante","15":"product_tag-kit-epoxi-5-kg","16":"product_tag-laminacion","17":"product_tag-laminacion-manual","18":"product_tag-manualidades-y-artesanias","19":"product_tag-resina","20":"product_tag-resina-epoxi","21":"product_tag-resina-industrial","22":"product_tag-resina-para-concreto","24":"first","25":"instock","26":"shipping-taxable","27":"product-type-simple"},"_links":{"self":[{"href":"https:\/\/nauticaescalada.com.ar\/eshop\/wp-json\/wp\/v2\/product\/4679","targetHints":{"allow":["GET"]}}],"collection":[{"href":"https:\/\/nauticaescalada.com.ar\/eshop\/wp-json\/wp\/v2\/product"}],"about":[{"href":"https:\/\/nauticaescalada.com.ar\/eshop\/wp-json\/wp\/v2\/types\/product"}],"wp:featuredmedia":[{"embeddable":true,"href":"https:\/\/nauticaescalada.com.ar\/eshop\/wp-json\/wp\/v2\/media\/4600"}],"wp:attachment":[{"href":"https:\/\/nauticaescalada.com.ar\/eshop\/wp-json\/wp\/v2\/media?parent=4679"}],"wp:term":[{"taxonomy":"product_brand","embeddable":true,"href":"https:\/\/nauticaescalada.com.ar\/eshop\/wp-json\/wp\/v2\/product_brand?post=4679"},{"taxonomy":"product_cat","embeddable":true,"href":"https:\/\/nauticaescalada.com.ar\/eshop\/wp-json\/wp\/v2\/product_cat?post=4679"},{"taxonomy":"product_tag","embeddable":true,"href":"https:\/\/nauticaescalada.com.ar\/eshop\/wp-json\/wp\/v2\/product_tag?post=4679"}],"curies":[{"name":"wp","href":"https:\/\/api.w.org\/{rel}","templated":true}]}}