{"id":4666,"date":"2020-07-10T14:58:08","date_gmt":"2020-07-10T17:58:08","guid":{"rendered":"http:\/\/nauticaescaladac.ns151.dnsarg.com\/eshop\/?post_type=product&#038;p=4666"},"modified":"2023-03-07T08:26:20","modified_gmt":"2023-03-07T11:26:20","slug":"3m-sellador-adhesivo-marine-5200-blanco-295ml","status":"publish","type":"product","link":"https:\/\/nauticaescalada.com.ar\/eshop\/producto\/3m-sellador-adhesivo-marine-5200-blanco-295ml\/","title":{"rendered":"3M\u2122 Sellador Adhesivo Marine 5200 Blanco &#8211; 295ml"},"content":{"rendered":"<p><b>Detalles<\/b><\/p>\n<ul>\n<li style=\"font-weight: 400;\"><span style=\"font-weight: 400;\">Uni\u00f3n permanente: por encima y por debajo de la l\u00ednea de flotaci\u00f3n<\/span><\/li>\n<li style=\"font-weight: 400;\"><span style=\"font-weight: 400;\">Ofrece tiempo de trabajo extendido<\/span><\/li>\n<li style=\"font-weight: 400;\"><span style=\"font-weight: 400;\">Logra la fuerza de manejo en 48 horas<\/span><\/li>\n<li style=\"font-weight: 400;\"><span style=\"font-weight: 400;\">Pol\u00edmero de poliuretano resistente y flexible que forma fuertes enlaces<\/span><\/li>\n<li style=\"font-weight: 400;\"><span style=\"font-weight: 400;\">Capaz de retener fuertes lazos durante la vibraci\u00f3n, hinchaz\u00f3n, contracci\u00f3n o choque<\/span><\/li>\n<li style=\"font-weight: 400;\"><span style=\"font-weight: 400;\">Puede ser removido para retrabajos o reparaciones.<\/span><\/li>\n<\/ul>\n<p><span style=\"font-weight: 400;\">3M\u2122 Sellador Adhesivo Marine 5200, es un poliuretano monocomponente, de alta resistencia, que cura la humedad y llena huecos para la uni\u00f3n permanente de madera, gelcoat y fibra de vidrio. Se cura para formar un sello firme, gomoso e impermeable en las juntas y el hardware del bote, por encima y por debajo de la l\u00ednea de flotaci\u00f3n. Este producto ha sido confiable en toda la industria marina por m\u00e1s de 50 a\u00f1os. Este Sellador ofrece una adhesi\u00f3n permanente a la madera, gelcoat y fibra de vidrio. Adem\u00e1s, nuestro sellador adhesivo marino es flexible y permite el movimiento estructural y la disipaci\u00f3n de la tensi\u00f3n que puede ser causada por vibraci\u00f3n, hinchaz\u00f3n, contracci\u00f3n o choque. Disponible en paquetes de cartuchos y salchichas para cumplir con los requisitos de su aplicaci\u00f3n.<\/span><\/p>\n<h4><b>Aplicaciones sugeridas<\/b><\/h4>\n<ul>\n<li style=\"font-weight: 400;\"><span style=\"font-weight: 400;\">Cubierta de fibra de vidrio al casco<\/span><\/li>\n<li style=\"font-weight: 400;\"><span style=\"font-weight: 400;\">A trav\u00e9s de accesorios de casco<\/span><\/li>\n<li style=\"font-weight: 400;\"><span style=\"font-weight: 400;\">Madera a fibra de vidrio<\/span><\/li>\n<li style=\"font-weight: 400;\"><span style=\"font-weight: 400;\">Motores en travesa\u00f1os de fibra de vidrio<\/span><\/li>\n<li style=\"font-weight: 400;\"><span style=\"font-weight: 400;\">Bajo molduras<\/span><\/li>\n<li style=\"font-weight: 400;\"><span style=\"font-weight: 400;\">Costuras del casco por encima y debajo de la l\u00ednea de flotaci\u00f3n<\/span><\/li>\n<\/ul>\n","protected":false},"excerpt":{"rendered":"<p><span style=\"font-weight: 400;\">3M\u2122 Sellador Adhesivo Marine 5200, es un poliuretano monocomponente, de alta resistencia, que cura la humedad y llena huecos para la uni\u00f3n permanente de madera, gelcoat y fibra de vidrio.<\/span><\/p>\n","protected":false},"featured_media":4670,"template":"","meta":{"_joinchat":[]},"product_brand":[],"product_cat":[422,441],"product_tag":[454,444,447,456,458,455,453,457,452,427,443],"class_list":{"0":"post-4666","1":"product","2":"type-product","3":"status-publish","4":"has-post-thumbnail","6":"product_cat-3m","7":"product_cat-sellador-adhesivo","8":"product_tag-454","9":"product_tag-adhesivo","10":"product_tag-blanco","11":"product_tag-fibra-de-vidrio","12":"product_tag-gelcoat","13":"product_tag-madera","14":"product_tag-marine","15":"product_tag-monocomponente","16":"product_tag-nautica","17":"product_tag-poliuretano","18":"product_tag-sellador","20":"first","21":"instock","22":"shipping-taxable","23":"purchasable","24":"product-type-simple"},"_links":{"self":[{"href":"https:\/\/nauticaescalada.com.ar\/eshop\/wp-json\/wp\/v2\/product\/4666","targetHints":{"allow":["GET"]}}],"collection":[{"href":"https:\/\/nauticaescalada.com.ar\/eshop\/wp-json\/wp\/v2\/product"}],"about":[{"href":"https:\/\/nauticaescalada.com.ar\/eshop\/wp-json\/wp\/v2\/types\/product"}],"wp:featuredmedia":[{"embeddable":true,"href":"https:\/\/nauticaescalada.com.ar\/eshop\/wp-json\/wp\/v2\/media\/4670"}],"wp:attachment":[{"href":"https:\/\/nauticaescalada.com.ar\/eshop\/wp-json\/wp\/v2\/media?parent=4666"}],"wp:term":[{"taxonomy":"product_brand","embeddable":true,"href":"https:\/\/nauticaescalada.com.ar\/eshop\/wp-json\/wp\/v2\/product_brand?post=4666"},{"taxonomy":"product_cat","embeddable":true,"href":"https:\/\/nauticaescalada.com.ar\/eshop\/wp-json\/wp\/v2\/product_cat?post=4666"},{"taxonomy":"product_tag","embeddable":true,"href":"https:\/\/nauticaescalada.com.ar\/eshop\/wp-json\/wp\/v2\/product_tag?post=4666"}],"curies":[{"name":"wp","href":"https:\/\/api.w.org\/{rel}","templated":true}]}}