{"id":4660,"date":"2020-07-10T14:17:36","date_gmt":"2020-07-10T17:17:36","guid":{"rendered":"http:\/\/nauticaescaladac.ns151.dnsarg.com\/eshop\/?product=3m-pu550-adhesivo-sellador-negro-cartucho-x-310ml-2-2"},"modified":"2023-02-18T11:53:52","modified_gmt":"2023-02-18T14:53:52","slug":"3m-pu550-adhesivo-sellador-negro-cartucho-x-310ml-2-2","status":"publish","type":"product","link":"https:\/\/nauticaescalada.com.ar\/eshop\/producto\/3m-pu550-adhesivo-sellador-negro-cartucho-x-310ml-2-2\/","title":{"rendered":"3M PU550 ADHESIVO SELLADOR BLANCO CARTUCHO X 310ML"},"content":{"rendered":"<p><b><a href=\"http:\/https:\/\/www.youtube.com\/watch?v=WcH4dH8Zs9E&amp;feature=youtu.be\">https:\/\/www.youtube.com\/watch?v=WcH4dH8Zs9E&amp;feature=youtu.be<\/a><\/b><\/p>\n<p><b>Detalles<\/b><\/p>\n<ul>\n<li style=\"font-weight: 400;\"><span style=\"font-weight: 400;\">Tiempo de fraguado y curado r\u00e1pido para procesos y productividad acelerados<\/span><\/li>\n<li style=\"font-weight: 400;\"><span style=\"font-weight: 400;\">La f\u00f3rmula el\u00e1stica crea enlaces de alta resistencia<\/span><\/li>\n<li style=\"font-weight: 400;\"><span style=\"font-weight: 400;\">El aglomerante de sustrato m\u00faltiple funciona en una amplia variedad de sustratos similares y diferentes<\/span><\/li>\n<li style=\"font-weight: 400;\"><span style=\"font-weight: 400;\">Adhesivo de un componente para una f\u00e1cil aplicaci\u00f3n sin mezclar<\/span><\/li>\n<li style=\"font-weight: 400;\"><span style=\"font-weight: 400;\">Se puede pintar despu\u00e9s del curado para obtener resultados profesionales (se recomienda probar primero, ya que no es compatible con todas las variedades de pinturas, barnices o lacas).<\/span><\/li>\n<\/ul>\n<p><span style=\"font-weight: 400;\">3M\u2122 Sellador de Poliuretano 550\u00a0 este sellador es un adhesivo de baja viscosidad que tiene un tiempo de fraguado r\u00e1pido y crea una uni\u00f3n el\u00e1stica permanente. Es ideal para unir una variedad de materiales similares y diferentes. Este adhesivo de poliuretano de un componente que proporciona un tiempo de curado r\u00e1pido. La f\u00f3rmula de baja viscosidad es ideal para crear l\u00edneas de uni\u00f3n muy delgadas.<\/span><\/p>\n<p><span style=\"font-weight: 400;\">Los adhesivos de uretano monocomponentes de curado por humedad de la serie 500, crean una uni\u00f3n permanentemente el\u00e1stica y unen fuertemente una variedad de sustratos como madera, pl\u00e1stico reforzado con fibra (FRP) y muchos otros pl\u00e1sticos a s\u00ed mismos, al metal y al vidrio. Nuestra f\u00f3rmula de curado por humedad cura al reaccionar con la humedad del aire o del sustrato. Nuestros adhesivos de poliuretano monocomponente funcionan bien para unir una amplia variedad de pl\u00e1sticos, incluidos el poliestireno y el acr\u00edlico. Tambi\u00e9n son efectivos en sustratos como aluminio, vidrio, pl\u00e1stico y madera.<\/span><\/p>\n<h4><b>Aplicaciones sugeridas<\/b><\/h4>\n<ul>\n<li style=\"font-weight: 400;\"><span style=\"font-weight: 400;\">Aplicaciones de juntas de dilataci\u00f3n verticales y horizontales<\/span><\/li>\n<li style=\"font-weight: 400;\"><span style=\"font-weight: 400;\">Juntas de control de hormig\u00f3n y mamposter\u00eda<\/span><\/li>\n<li style=\"font-weight: 400;\"><span style=\"font-weight: 400;\">Per\u00edmetros de marcos de puertas y ventanas<\/span><\/li>\n<li style=\"font-weight: 400;\"><a href=\"https:\/\/www.youtube.com\/watch?v=WcH4dH8Zs9E&amp;feature=youtu.be\"><span style=\"font-weight: 400;\">https:\/\/www.youtube.com\/watch?v=WcH4dH8Zs9E&amp;feature=youtu.be<\/span><\/a><\/li>\n<\/ul>\n","protected":false},"excerpt":{"rendered":"<p><span style=\"font-weight: 400;\">3M\u2122 Sellador de Poliuretano 550 Gris, este sellador es un adhesivo de baja viscosidad que tiene un tiempo de fraguado r\u00e1pido y crea una uni\u00f3n el\u00e1stica permanente. Es ideal para unir una variedad de materiales similares y diferentes. Este adhesivo de poliuretano de un componente que proporciona un tiempo de curado r\u00e1pido. La f\u00f3rmula de baja viscosidad es ideal para crear l\u00edneas de uni\u00f3n muy delgadas.<\/span><\/p>\n<p>&nbsp;<\/p>\n","protected":false},"featured_media":4659,"template":"","meta":{"_joinchat":[]},"product_brand":[],"product_cat":[422,441],"product_tag":[424,446,444,447,445,427,443],"class_list":{"0":"post-4660","1":"product","2":"type-product","3":"status-publish","4":"has-post-thumbnail","6":"product_cat-3m","7":"product_cat-sellador-adhesivo","8":"product_tag-3m","9":"product_tag-446","10":"product_tag-adhesivo","11":"product_tag-blanco","12":"product_tag-cartucho","13":"product_tag-poliuretano","14":"product_tag-sellador","16":"first","17":"instock","18":"shipping-taxable","19":"purchasable","20":"product-type-simple"},"_links":{"self":[{"href":"https:\/\/nauticaescalada.com.ar\/eshop\/wp-json\/wp\/v2\/product\/4660","targetHints":{"allow":["GET"]}}],"collection":[{"href":"https:\/\/nauticaescalada.com.ar\/eshop\/wp-json\/wp\/v2\/product"}],"about":[{"href":"https:\/\/nauticaescalada.com.ar\/eshop\/wp-json\/wp\/v2\/types\/product"}],"wp:featuredmedia":[{"embeddable":true,"href":"https:\/\/nauticaescalada.com.ar\/eshop\/wp-json\/wp\/v2\/media\/4659"}],"wp:attachment":[{"href":"https:\/\/nauticaescalada.com.ar\/eshop\/wp-json\/wp\/v2\/media?parent=4660"}],"wp:term":[{"taxonomy":"product_brand","embeddable":true,"href":"https:\/\/nauticaescalada.com.ar\/eshop\/wp-json\/wp\/v2\/product_brand?post=4660"},{"taxonomy":"product_cat","embeddable":true,"href":"https:\/\/nauticaescalada.com.ar\/eshop\/wp-json\/wp\/v2\/product_cat?post=4660"},{"taxonomy":"product_tag","embeddable":true,"href":"https:\/\/nauticaescalada.com.ar\/eshop\/wp-json\/wp\/v2\/product_tag?post=4660"}],"curies":[{"name":"wp","href":"https:\/\/api.w.org\/{rel}","templated":true}]}}